{"id":5811,"date":"2025-10-30T13:18:31","date_gmt":"2025-10-30T13:18:31","guid":{"rendered":"https:\/\/gruponbi.com\/whistleblowing-channel\/"},"modified":"2025-10-31T10:35:43","modified_gmt":"2025-10-31T10:35:43","slug":"whistleblowing-channel","status":"publish","type":"page","link":"https:\/\/gruponbi.com\/en\/whistleblowing-channel\/","title":{"rendered":"Whistleblowing Channel"},"content":{"rendered":"<p>[et_pb_section fb_built=&#8221;1&#8243; _builder_version=&#8221;4.27.4&#8243; background_image=&#8221;https:\/\/gruponbi.com\/wp-content\/uploads\/whistleblowing.webp&#8221; parallax=&#8221;on&#8221; parallax_method=&#8221;off&#8221; custom_padding=&#8221;10vw||10vw||true|false&#8221; background_last_edited=&#8221;off|desktop&#8221; global_colors_info=&#8221;{}&#8221; background__hover_enabled=&#8221;on|hover&#8221;][et_pb_row column_structure=&#8221;1_2,1_2&#8243; _builder_version=&#8221;4.16&#8243; global_colors_info=&#8221;{}&#8221;][et_pb_column type=&#8221;1_2&#8243; _builder_version=&#8221;4.16&#8243; global_colors_info=&#8221;{}&#8221;][et_pb_text _builder_version=&#8221;4.27.4&#8243; _module_preset=&#8221;db8cc5b4-4dfc-4eae-982d-e30d9914152b&#8221; header_font=&#8221;|700|||||||&#8221; header_text_color=&#8221;#ffffff&#8221; header_font_size=&#8221;60px&#8221; header_font_size_tablet=&#8221;&#8221; header_font_size_phone=&#8221;40px&#8221; header_font_size_last_edited=&#8221;on|phone&#8221; global_colors_info=&#8221;{}&#8221;]<\/p>\n<h1>Whistleblowing Channel<\/h1>\n<p>[\/et_pb_text][\/et_pb_column][et_pb_column type=&#8221;1_2&#8243; _builder_version=&#8221;4.16&#8243; global_colors_info=&#8221;{}&#8221;][\/et_pb_column][\/et_pb_row][\/et_pb_section][et_pb_section fb_built=&#8221;1&#8243; _builder_version=&#8221;4.16&#8243; global_colors_info=&#8221;{}&#8221;][et_pb_row column_structure=&#8221;1_4,3_4&#8243; _builder_version=&#8221;4.16&#8243; global_colors_info=&#8221;{}&#8221;][et_pb_column type=&#8221;1_4&#8243; _builder_version=&#8221;4.16&#8243; global_colors_info=&#8221;{}&#8221;][et_pb_text _builder_version=&#8221;4.27.4&#8243; _module_preset=&#8221;3304d3bc-eb7c-4fe7-9fc0-cf0c50abbd0e&#8221; global_colors_info=&#8221;{}&#8221;]<\/p>\n<h2>We\u2019re listening<\/h2>\n<p>[\/et_pb_text][\/et_pb_column][et_pb_column type=&#8221;3_4&#8243; _builder_version=&#8221;4.16&#8243; global_colors_info=&#8221;{}&#8221;][et_pb_text _builder_version=&#8221;4.27.4&#8243; global_colors_info=&#8221;{}&#8221;]<\/p>\n<p data-start=\"367\" data-end=\"646\">At Grupo NBI, we uphold a firm commitment to ethics, transparency, and regulatory compliance in all our activities. We believe that maintaining an honest, safe, and trustworthy environment is essential for our employees, customers, suppliers, and business partners.<\/p>\n<p><\/p>\n<p data-start=\"648\" data-end=\"1015\">As part of our commitment to corporate social responsibility and best business practices, we have implemented this Whistleblowing Channel. Through it, anyone can report inappropriate behavior, fraud, legal violations, conflicts of interest, or breaches of our internal policies, always under the highest guarantees of confidentiality and security.<\/p>\n<p><\/p>\n<p data-start=\"1017\" data-end=\"1348\">We are committed to ensuring that each report is analyzed with impartiality, thoroughness, and respect. We encourage you to include as much relevant information as possible: dates, people involved, locations, events, and any available evidence. The more details provided, the better we can investigate and resolve each case.<\/p>\n<p><\/p>\n<p data-start=\"1350\" data-end=\"1409\">We appreciate your cooperation and commitment to integrity.<\/p>\n<p><\/p>\n<p data-start=\"1411\" data-end=\"1533\">By using this channel, you are directly contributing to a more ethical, transparent, and responsible work environment.<\/p>\n<p><\/p>\n<p data-start=\"1535\" data-end=\"1623\">Your voice matters \u2014 and at Grupo NBI, we take every report with the utmost seriousness.<\/p>\n<p>[\/et_pb_text][\/et_pb_column][\/et_pb_row][et_pb_row column_structure=&#8221;1_3,1_3,1_3&#8243; _builder_version=&#8221;4.27.4&#8243; _module_preset=&#8221;default&#8221; global_colors_info=&#8221;{}&#8221;][et_pb_column type=&#8221;1_3&#8243; _builder_version=&#8221;4.27.4&#8243; _module_preset=&#8221;default&#8221; global_colors_info=&#8221;{}&#8221;][et_pb_blurb title=&#8221;Whistleblowing Channel User Guide&#8221; use_icon=&#8221;on&#8221; font_icon=&#8221;&#x69;||divi||400&#8243; icon_alignment=&#8221;left&#8221; _builder_version=&#8221;4.27.4&#8243; _module_preset=&#8221;default&#8221; header_font=&#8221;|700|||||||&#8221; header_font_size=&#8221;20px&#8221; link_option_url=&#8221;https:\/\/gruponbi.com\/wp-content\/uploads\/Instructions_for_the_Use_of_the_Reporting_Channel_NBI.docx&#8221; link_option_url_new_window=&#8221;on&#8221; global_colors_info=&#8221;{}&#8221;]<\/p>\n<p>The Whistleblowing Channel allows the communication of actual or potential breaches of the Code of Conduct, the Compliance System, or the law.<br data-start=\"327\" data-end=\"330\" \/>Reports may take the form of <strong>complaints<\/strong>, if they describe events that have already occurred, or <strong>queries<\/strong>, if they raise concerns about possible future breaches.<br data-start=\"497\" data-end=\"500\" \/>All communications are managed in accordance with Law 2\/2023 and Directive (EU) 2019\/1937.<\/p>\n<p>[\/et_pb_blurb][\/et_pb_column][et_pb_column type=&#8221;1_3&#8243; _builder_version=&#8221;4.27.4&#8243; _module_preset=&#8221;default&#8221; global_colors_info=&#8221;{}&#8221;][et_pb_blurb title=&#8221;Communication Channel Policies \u2013 Grupo NBI&#8221; use_icon=&#8221;on&#8221; font_icon=&#8221;&#x69;||divi||400&#8243; icon_alignment=&#8221;left&#8221; _builder_version=&#8221;4.27.4&#8243; _module_preset=&#8221;default&#8221; header_font=&#8221;|700|||||||&#8221; header_font_size=&#8221;20px&#8221; link_option_url=&#8221;https:\/\/gruponbi.com\/wp-content\/uploads\/Internal_Communication_Channel_Policy_NBI.docx&#8221; link_option_url_new_window=&#8221;on&#8221; global_colors_info=&#8221;{}&#8221;]<\/p>\n<p>The communication channel is governed by Law 2\/2023 and Directive (EU) 2019\/1937, ensuring the protection of individuals who report infringements or irregular conduct. Its purpose is to strengthen the culture of information and integrity within the organization, promoting transparency and the prevention of risks that may affect the public interest.<\/p>\n<p>[\/et_pb_blurb][\/et_pb_column][et_pb_column type=&#8221;1_3&#8243; _builder_version=&#8221;4.27.4&#8243; _module_preset=&#8221;default&#8221; global_colors_info=&#8221;{}&#8221;][et_pb_blurb title=&#8221;Send an email to canaldedenuncias@gruponbi.com&#8221; use_icon=&#8221;on&#8221; font_icon=&#8221;&#xe010;||divi||400&#8243; icon_alignment=&#8221;left&#8221; _builder_version=&#8221;4.27.4&#8243; _module_preset=&#8221;default&#8221; header_font=&#8221;|700|||||||&#8221; header_font_size=&#8221;19px&#8221; link_option_url=&#8221;mailto:canaldedenuncias@gruponbi.com&#8221; link_option_url_new_window=&#8221;on&#8221; global_colors_info=&#8221;{}&#8221;]<\/p>\n<p data-start=\"166\" data-end=\"261\">Always use an email account that cannot be identified or attributed to a specific sender.<\/p>\n<p><\/p>\n<p data-start=\"263\" data-end=\"377\">To do so, you may follow the instructions provided in the document \u201cCommunication Channel Policies &#8211; Grupo NBI.\u201d<\/p>\n<p>[\/et_pb_blurb][\/et_pb_column][\/et_pb_row][\/et_pb_section][et_pb_section fb_built=&#8221;1&#8243; _builder_version=&#8221;4.27.4&#8243; background_color=&#8221;rgba(0,0,0,0.05)&#8221; global_colors_info=&#8221;{}&#8221;][et_pb_row column_structure=&#8221;1_4,3_4&#8243; _builder_version=&#8221;4.16&#8243; global_colors_info=&#8221;{}&#8221;][et_pb_column type=&#8221;1_4&#8243; _builder_version=&#8221;4.16&#8243; global_colors_info=&#8221;{}&#8221;][et_pb_text _builder_version=&#8221;4.27.4&#8243; _module_preset=&#8221;3304d3bc-eb7c-4fe7-9fc0-cf0c50abbd0e&#8221; global_colors_info=&#8221;{}&#8221;]<\/p>\n<h2>Submit your report<\/h2>\n<p>[\/et_pb_text][\/et_pb_column][et_pb_column type=&#8221;3_4&#8243; _builder_version=&#8221;4.16&#8243; global_colors_info=&#8221;{}&#8221;][et_pb_text _builder_version=&#8221;4.27.4&#8243; global_colors_info=&#8221;{}&#8221;]<\/p>\n<blockquote>\n<p>You can submit a report safely and confidentially through this form.<\/p>\n<\/blockquote>\n<div class=\"text-detail general-typo\" data-v-9d0c701c=\"\">\n<p>Toda la informaci\u00f3n se cifrar\u00e1 para garantizar los m\u00e1s altos est\u00e1ndares de privacidad y protecci\u00f3n.<\/p>\n<\/div>\n<p>[\/et_pb_text][et_pb_text _builder_version=&#8221;4.27.4&#8243; _module_preset=&#8221;default&#8221; hover_enabled=&#8221;0&#8243; global_colors_info=&#8221;{}&#8221; sticky_enabled=&#8221;0&#8243;]<\/p>\n\n<div class=\"wpcf7 no-js\" id=\"wpcf7-f5810-o1\" lang=\"es-ES\" dir=\"ltr\" data-wpcf7-id=\"5810\">\n<div class=\"screen-reader-response\"><p role=\"status\" aria-live=\"polite\" aria-atomic=\"true\"><\/p> <ul><\/ul><\/div>\n<form action=\"\/en\/wp-json\/wp\/v2\/pages\/5811#wpcf7-f5810-o1\" method=\"post\" class=\"wpcf7-form init\" aria-label=\"Formulario de contacto\" enctype=\"multipart\/form-data\" novalidate=\"novalidate\" data-status=\"init\">\n<fieldset class=\"hidden-fields-container\"><input type=\"hidden\" name=\"_wpcf7\" value=\"5810\" \/><input type=\"hidden\" name=\"_wpcf7_version\" value=\"6.1.5\" \/><input type=\"hidden\" name=\"_wpcf7_locale\" value=\"es_ES\" \/><input type=\"hidden\" name=\"_wpcf7_unit_tag\" value=\"wpcf7-f5810-o1\" \/><input type=\"hidden\" name=\"_wpcf7_container_post\" value=\"0\" \/><input type=\"hidden\" name=\"_wpcf7_posted_data_hash\" value=\"\" \/>\n<\/fieldset>\n<p><label>Subject (required)<br \/>\n<span class=\"wpcf7-form-control-wrap\" data-name=\"your-subject\"><input size=\"40\" maxlength=\"400\" class=\"wpcf7-form-control wpcf7-text wpcf7-validates-as-required\" aria-required=\"true\" aria-invalid=\"false\" placeholder=\"Brief summary of the report\" value=\"\" type=\"text\" name=\"your-subject\" \/><\/span><\/label>\n<\/p>\n<p><label>Message (required)<br \/>\n<span class=\"wpcf7-form-control-wrap\" data-name=\"your-message\"><textarea cols=\"40\" rows=\"10\" maxlength=\"2000\" class=\"wpcf7-form-control wpcf7-textarea wpcf7-validates-as-required\" aria-required=\"true\" aria-invalid=\"false\" placeholder=\"Describe the facts, dates, people involved, and any relevant details\" name=\"your-message\"><\/textarea><\/span><\/label>\n<\/p>\n<p><label>Attach file (optional, max. 10MB)<br \/>\n<span class=\"wpcf7-form-control-wrap\" data-name=\"your-file\"><input size=\"40\" class=\"wpcf7-form-control wpcf7-file\" accept=\".pdf,.jpg,.jpeg,.png,.doc,.docx,.xls,.xlsx,.zip\" aria-invalid=\"false\" type=\"file\" name=\"your-file\" \/><\/span><\/label>\n<\/p>\n<p style=\"font-size:0.95em;opacity:0.9;\"><br \/>\nThis channel allows you to submit information anonymously.\n<\/p>\n<p>Do not include personal data if you wish to remain anonymous.\n<\/p>\n<p><input class=\"wpcf7-form-control wpcf7-submit has-spinner et_pb_button\" type=\"submit\" value=\"Submit report\" \/>\n<\/p><div class=\"wpcf7-response-output\" aria-hidden=\"true\"><\/div>\n<\/form>\n<\/div>\n\n<p>[\/et_pb_text][\/et_pb_column][\/et_pb_row][\/et_pb_section][et_pb_section fb_built=&#8221;1&#8243; _builder_version=&#8221;4.16&#8243; background_color=&#8221;#e66b42&#8243; custom_padding=&#8221;0px||0px|||&#8221; global_colors_info=&#8221;{}&#8221;][et_pb_row column_structure=&#8221;1_2,1_2&#8243; _builder_version=&#8221;4.16&#8243; width=&#8221;100%&#8221; max_width=&#8221;100%&#8221; custom_padding=&#8221;0px||0px|||&#8221; global_colors_info=&#8221;{}&#8221;][et_pb_column type=&#8221;1_2&#8243; _builder_version=&#8221;4.16&#8243; global_colors_info=&#8221;{}&#8221;][\/et_pb_column][et_pb_column type=&#8221;1_2&#8243; _builder_version=&#8221;4.16&#8243; global_colors_info=&#8221;{}&#8221;][\/et_pb_column][\/et_pb_row][\/et_pb_section]<\/p>\n","protected":false},"excerpt":{"rendered":"<p>Whistleblowing ChannelWe\u2019re listeningAt Grupo NBI, we uphold a firm commitment to ethics, transparency, and regulatory compliance in all our activities. We believe that maintaining an honest, safe, and trustworthy environment is essential for our employees, customers, suppliers, and business partners.As part of our commitment to corporate social responsibility and best business practices, we have implemented [&hellip;]<\/p>\n","protected":false},"author":1,"featured_media":0,"parent":0,"menu_order":0,"comment_status":"closed","ping_status":"closed","template":"","meta":{"_et_pb_use_builder":"on","_et_pb_old_content":"","_et_gb_content_width":"","footnotes":""},"class_list":["post-5811","page","type-page","status-publish","hentry"],"yoast_head":"<!-- This site is optimized with the Yoast SEO plugin v27.3 - https:\/\/yoast.com\/product\/yoast-seo-wordpress\/ -->\n<title>Whistleblowing Channel - Grupo NBI<\/title>\n<meta name=\"robots\" content=\"index, follow, max-snippet:-1, max-image-preview:large, max-video-preview:-1\" \/>\n<link rel=\"canonical\" href=\"https:\/\/gruponbi.com\/en\/whistleblowing-channel\/\" \/>\n<meta property=\"og:locale\" content=\"en_US\" \/>\n<meta property=\"og:type\" content=\"article\" \/>\n<meta property=\"og:title\" content=\"Whistleblowing Channel - Grupo NBI\" \/>\n<meta property=\"og:description\" content=\"Whistleblowing ChannelWe\u2019re listeningAt Grupo NBI, we uphold a firm commitment to ethics, transparency, and regulatory compliance in all our activities. We believe that maintaining an honest, safe, and trustworthy environment is essential for our employees, customers, suppliers, and business partners.As part of our commitment to corporate social responsibility and best business practices, we have implemented [&hellip;]\" \/>\n<meta property=\"og:url\" content=\"https:\/\/gruponbi.com\/en\/whistleblowing-channel\/\" \/>\n<meta property=\"og:site_name\" content=\"Grupo NBI\" \/>\n<meta property=\"article:publisher\" content=\"https:\/\/www.facebook.com\/NBI-Bearings-Europe-136928606320574\/\" \/>\n<meta property=\"article:modified_time\" content=\"2025-10-31T10:35:43+00:00\" \/>\n<meta name=\"twitter:card\" content=\"summary_large_image\" \/>\n<meta name=\"twitter:site\" content=\"@nbibearings\" \/>\n<script type=\"application\/ld+json\" class=\"yoast-schema-graph\">{\"@context\":\"https:\\\/\\\/schema.org\",\"@graph\":[{\"@type\":\"WebPage\",\"@id\":\"https:\\\/\\\/gruponbi.com\\\/en\\\/whistleblowing-channel\\\/\",\"url\":\"https:\\\/\\\/gruponbi.com\\\/en\\\/whistleblowing-channel\\\/\",\"name\":\"Whistleblowing Channel - Grupo NBI\",\"isPartOf\":{\"@id\":\"https:\\\/\\\/gruponbi.com\\\/en\\\/#website\"},\"datePublished\":\"2025-10-30T13:18:31+00:00\",\"dateModified\":\"2025-10-31T10:35:43+00:00\",\"breadcrumb\":{\"@id\":\"https:\\\/\\\/gruponbi.com\\\/en\\\/whistleblowing-channel\\\/#breadcrumb\"},\"inLanguage\":\"en-US\",\"potentialAction\":[{\"@type\":\"ReadAction\",\"target\":[\"https:\\\/\\\/gruponbi.com\\\/en\\\/whistleblowing-channel\\\/\"]}]},{\"@type\":\"BreadcrumbList\",\"@id\":\"https:\\\/\\\/gruponbi.com\\\/en\\\/whistleblowing-channel\\\/#breadcrumb\",\"itemListElement\":[{\"@type\":\"ListItem\",\"position\":1,\"name\":\"Portada\",\"item\":\"https:\\\/\\\/gruponbi.com\\\/en\\\/\"},{\"@type\":\"ListItem\",\"position\":2,\"name\":\"Whistleblowing Channel\"}]},{\"@type\":\"WebSite\",\"@id\":\"https:\\\/\\\/gruponbi.com\\\/en\\\/#website\",\"url\":\"https:\\\/\\\/gruponbi.com\\\/en\\\/\",\"name\":\"Grupo NBI\",\"description\":\"NBI Group\",\"publisher\":{\"@id\":\"https:\\\/\\\/gruponbi.com\\\/en\\\/#organization\"},\"potentialAction\":[{\"@type\":\"SearchAction\",\"target\":{\"@type\":\"EntryPoint\",\"urlTemplate\":\"https:\\\/\\\/gruponbi.com\\\/en\\\/?s={search_term_string}\"},\"query-input\":{\"@type\":\"PropertyValueSpecification\",\"valueRequired\":true,\"valueName\":\"search_term_string\"}}],\"inLanguage\":\"en-US\"},{\"@type\":\"Organization\",\"@id\":\"https:\\\/\\\/gruponbi.com\\\/en\\\/#organization\",\"name\":\"NBI Group\",\"url\":\"https:\\\/\\\/gruponbi.com\\\/en\\\/\",\"logo\":{\"@type\":\"ImageObject\",\"inLanguage\":\"en-US\",\"@id\":\"https:\\\/\\\/gruponbi.com\\\/en\\\/#\\\/schema\\\/logo\\\/image\\\/\",\"url\":\"https:\\\/\\\/gruponbi.com\\\/wp-content\\\/uploads\\\/grupo-nbi-logo.png\",\"contentUrl\":\"https:\\\/\\\/gruponbi.com\\\/wp-content\\\/uploads\\\/grupo-nbi-logo.png\",\"width\":164,\"height\":50,\"caption\":\"NBI Group\"},\"image\":{\"@id\":\"https:\\\/\\\/gruponbi.com\\\/en\\\/#\\\/schema\\\/logo\\\/image\\\/\"},\"sameAs\":[\"https:\\\/\\\/www.facebook.com\\\/NBI-Bearings-Europe-136928606320574\\\/\",\"https:\\\/\\\/x.com\\\/nbibearings\"]}]}<\/script>\n<!-- \/ Yoast SEO plugin. -->","yoast_head_json":{"title":"Whistleblowing Channel - Grupo NBI","robots":{"index":"index","follow":"follow","max-snippet":"max-snippet:-1","max-image-preview":"max-image-preview:large","max-video-preview":"max-video-preview:-1"},"canonical":"https:\/\/gruponbi.com\/en\/whistleblowing-channel\/","og_locale":"en_US","og_type":"article","og_title":"Whistleblowing Channel - Grupo NBI","og_description":"Whistleblowing ChannelWe\u2019re listeningAt Grupo NBI, we uphold a firm commitment to ethics, transparency, and regulatory compliance in all our activities. We believe that maintaining an honest, safe, and trustworthy environment is essential for our employees, customers, suppliers, and business partners.As part of our commitment to corporate social responsibility and best business practices, we have implemented [&hellip;]","og_url":"https:\/\/gruponbi.com\/en\/whistleblowing-channel\/","og_site_name":"Grupo NBI","article_publisher":"https:\/\/www.facebook.com\/NBI-Bearings-Europe-136928606320574\/","article_modified_time":"2025-10-31T10:35:43+00:00","twitter_card":"summary_large_image","twitter_site":"@nbibearings","schema":{"@context":"https:\/\/schema.org","@graph":[{"@type":"WebPage","@id":"https:\/\/gruponbi.com\/en\/whistleblowing-channel\/","url":"https:\/\/gruponbi.com\/en\/whistleblowing-channel\/","name":"Whistleblowing Channel - Grupo NBI","isPartOf":{"@id":"https:\/\/gruponbi.com\/en\/#website"},"datePublished":"2025-10-30T13:18:31+00:00","dateModified":"2025-10-31T10:35:43+00:00","breadcrumb":{"@id":"https:\/\/gruponbi.com\/en\/whistleblowing-channel\/#breadcrumb"},"inLanguage":"en-US","potentialAction":[{"@type":"ReadAction","target":["https:\/\/gruponbi.com\/en\/whistleblowing-channel\/"]}]},{"@type":"BreadcrumbList","@id":"https:\/\/gruponbi.com\/en\/whistleblowing-channel\/#breadcrumb","itemListElement":[{"@type":"ListItem","position":1,"name":"Portada","item":"https:\/\/gruponbi.com\/en\/"},{"@type":"ListItem","position":2,"name":"Whistleblowing Channel"}]},{"@type":"WebSite","@id":"https:\/\/gruponbi.com\/en\/#website","url":"https:\/\/gruponbi.com\/en\/","name":"Grupo NBI","description":"NBI Group","publisher":{"@id":"https:\/\/gruponbi.com\/en\/#organization"},"potentialAction":[{"@type":"SearchAction","target":{"@type":"EntryPoint","urlTemplate":"https:\/\/gruponbi.com\/en\/?s={search_term_string}"},"query-input":{"@type":"PropertyValueSpecification","valueRequired":true,"valueName":"search_term_string"}}],"inLanguage":"en-US"},{"@type":"Organization","@id":"https:\/\/gruponbi.com\/en\/#organization","name":"NBI Group","url":"https:\/\/gruponbi.com\/en\/","logo":{"@type":"ImageObject","inLanguage":"en-US","@id":"https:\/\/gruponbi.com\/en\/#\/schema\/logo\/image\/","url":"https:\/\/gruponbi.com\/wp-content\/uploads\/grupo-nbi-logo.png","contentUrl":"https:\/\/gruponbi.com\/wp-content\/uploads\/grupo-nbi-logo.png","width":164,"height":50,"caption":"NBI Group"},"image":{"@id":"https:\/\/gruponbi.com\/en\/#\/schema\/logo\/image\/"},"sameAs":["https:\/\/www.facebook.com\/NBI-Bearings-Europe-136928606320574\/","https:\/\/x.com\/nbibearings"]}]}},"_links":{"self":[{"href":"https:\/\/gruponbi.com\/en\/wp-json\/wp\/v2\/pages\/5811","targetHints":{"allow":["GET"]}}],"collection":[{"href":"https:\/\/gruponbi.com\/en\/wp-json\/wp\/v2\/pages"}],"about":[{"href":"https:\/\/gruponbi.com\/en\/wp-json\/wp\/v2\/types\/page"}],"author":[{"embeddable":true,"href":"https:\/\/gruponbi.com\/en\/wp-json\/wp\/v2\/users\/1"}],"replies":[{"embeddable":true,"href":"https:\/\/gruponbi.com\/en\/wp-json\/wp\/v2\/comments?post=5811"}],"version-history":[{"count":0,"href":"https:\/\/gruponbi.com\/en\/wp-json\/wp\/v2\/pages\/5811\/revisions"}],"wp:attachment":[{"href":"https:\/\/gruponbi.com\/en\/wp-json\/wp\/v2\/media?parent=5811"}],"curies":[{"name":"wp","href":"https:\/\/api.w.org\/{rel}","templated":true}]}}