{"id":4957,"date":"2023-05-08T17:36:39","date_gmt":"2023-05-08T17:36:39","guid":{"rendered":"https:\/\/gruponbi.com\/?page_id=4957"},"modified":"2023-05-17T13:41:08","modified_gmt":"2023-05-17T13:41:08","slug":"industrias-beta","status":"publish","type":"page","link":"https:\/\/gruponbi.com\/en\/industrias-beta\/","title":{"rendered":"Industrias Beta"},"content":{"rendered":"<p>[et_pb_section fb_built=&#8221;1&#8243; _builder_version=&#8221;4.20.4&#8243; background_image=&#8221;https:\/\/gruponbi.com\/wp-content\/uploads\/beta-industrias.jpg&#8221; global_colors_info=&#8221;{}&#8221;][et_pb_row column_structure=&#8221;1_2,1_2&#8243; _builder_version=&#8221;4.16&#8243; max_width=&#8221;80%&#8221; custom_padding=&#8221;0px||0px|||&#8221; global_colors_info=&#8221;{}&#8221;][et_pb_column type=&#8221;1_2&#8243; _builder_version=&#8221;4.16&#8243; background_color=&#8221;rgba(0,0,0,0.7)&#8221; custom_padding=&#8221;3vw|3vw|3vw|3vw|true|true&#8221; global_colors_info=&#8221;{}&#8221;][et_pb_text _builder_version=&#8221;4.20.4&#8243; text_font_size=&#8221;17px&#8221; background_layout=&#8221;dark&#8221; global_colors_info=&#8221;{}&#8221;]<\/p>\n<h1><b>Industrias Beta, S.L.<\/b><\/h1>\n<p>Company founded in 1963 (Berriz, Bizkaia), dedicated to metallic stamping components. Manufacturing plant located in Elorrio with a 4.500 m\u00b2 surface.<\/p>\n<p>Quality certificates:<\/p>\n<p>[\/et_pb_text][et_pb_blurb title=&#8221;ISO 9001:2015 (PDF)&#8221; use_icon=&#8221;on&#8221; font_icon=&#8221;&#x68;||divi||400&#8243; icon_color=&#8221;#ffffff&#8221; icon_placement=&#8221;left&#8221; image_icon_width=&#8221;24px&#8221; _builder_version=&#8221;4.20.4&#8243; header_text_color=&#8221;#ffffff&#8221; link_option_url=&#8221;https:\/\/gruponbi.com\/wp-content\/uploads\/ISO-9001.png&#8221; link_option_url_new_window=&#8221;on&#8221; icon_font_size=&#8221;24px&#8221; global_colors_info=&#8221;{}&#8221;][\/et_pb_blurb][et_pb_blurb title=&#8221;ISO 14001:2015 (PDF)&#8221; use_icon=&#8221;on&#8221; font_icon=&#8221;&#x68;||divi||400&#8243; icon_color=&#8221;#ffffff&#8221; icon_placement=&#8221;left&#8221; image_icon_width=&#8221;24px&#8221; _builder_version=&#8221;4.20.4&#8243; header_text_color=&#8221;#ffffff&#8221; link_option_url=&#8221;https:\/\/gruponbi.com\/wp-content\/uploads\/ISO-14001.png&#8221; link_option_url_new_window=&#8221;on&#8221; icon_font_size=&#8221;24px&#8221; global_colors_info=&#8221;{}&#8221;][\/et_pb_blurb][et_pb_blurb title=&#8221;IATF 16949:2016 (PDF)&#8221; use_icon=&#8221;on&#8221; font_icon=&#8221;&#x68;||divi||400&#8243; icon_color=&#8221;#ffffff&#8221; icon_placement=&#8221;left&#8221; image_icon_width=&#8221;24px&#8221; _builder_version=&#8221;4.20.4&#8243; header_text_color=&#8221;#ffffff&#8221; custom_padding=&#8221;||||false|false&#8221; link_option_url=&#8221;https:\/\/gruponbi.com\/wp-content\/uploads\/IATF-16949.png&#8221; link_option_url_new_window=&#8221;on&#8221; icon_font_size=&#8221;24px&#8221; global_colors_info=&#8221;{}&#8221;][\/et_pb_blurb][\/et_pb_column][et_pb_column type=&#8221;1_2&#8243; _builder_version=&#8221;4.16&#8243; global_colors_info=&#8221;{}&#8221;][\/et_pb_column][\/et_pb_row][\/et_pb_section][et_pb_section fb_built=&#8221;1&#8243; use_custom_gutter=&#8221;on&#8221; specialty=&#8221;on&#8221; background_color_1=&#8221;rgba(0,0,0,0.05)&#8221; padding_right_1=&#8221;3vw&#8221; padding_left_1=&#8221;3vw&#8221; padding_top_bottom_link_1=&#8221;false&#8221; padding_left_right_link_1=&#8221;true&#8221; _builder_version=&#8221;4.16&#8243; background_color=&#8221;rgba(0,0,0,0)&#8221; width=&#8221;100%&#8221; max_width=&#8221;100%&#8221; inner_max_width=&#8221;100%&#8221; global_colors_info=&#8221;{}&#8221;][et_pb_column type=&#8221;1_2&#8243; _builder_version=&#8221;4.16&#8243; custom_padding=&#8221;|||&#8221; global_colors_info=&#8221;{}&#8221; custom_padding__hover=&#8221;|||&#8221;][et_pb_text _builder_version=&#8221;4.20.4&#8243; header_2_text_color=&#8221;#e66b42&#8243; global_colors_info=&#8221;{}&#8221;]<\/p>\n<h2>Products \/ Industry<\/h2>\n<p><strong>Elevation industry: <\/strong>Large-scale reinforcements, assembled sets, visible parts with powder paint, stainless steel parts.<\/p>\n<p><strong>Automotibile industry:<\/strong>All kinds of hinges, inserts, shock-absorber covers, bushings.<\/p>\n<p><strong>Electric industry:<\/strong>Copper bending and stamping. Vast knowledge of copper processing means we can perform new bending and stamping operations, reducing the amount of raw material necessary, and thereby lowering manufacturing costs.<\/p>\n<p><strong>Other industries:<\/strong>Components and sets used in industries such as storage, capital goods, furniture.<\/p>\n<h2>Processes and machinery<\/h2>\n<p><strong>Processed materials:<\/strong><\/p>\n<ul>\n<li>High elastic limit steel (S550MC)<\/li>\n<li>Stainless steel<\/li>\n<li>Aluminium<\/li>\n<li>Copper<\/li>\n<li>Zinc<\/li>\n<\/ul>\n<p><strong>Welding and assembly:<\/strong><\/p>\n<ul>\n<li>Resistance welding<\/li>\n<li>Fill-material welding: MIG \/ MAG \/ CO2<\/li>\n<li>Inserting nuts, screws, rivets, embedded elements, hemming&#8230;<\/li>\n<\/ul>\n<p><strong>Surface treatments:<\/strong><\/p>\n<ul>\n<li>Cataphoresis<\/li>\n<li>Zinc and zinc alloys<\/li>\n<li>Zinc &#8211; Nickel<\/li>\n<li>Powder paint<\/li>\n<li>Silver plating and tinning<\/li>\n<\/ul>\n<p><strong>Presses for progressive die:<\/strong><\/p>\n<ul>\n<li>Capability: Up to 630 Tn<\/li>\n<li>Table dimensions: up to 3,200 mm x 1,500 mm<\/li>\n<li>Feeder: up to 1,000 mm spool width and 6 mm thickness<\/li>\n<\/ul>\n<p><strong>Manual presses:<\/strong><\/p>\n<ul>\n<li>Capability: up to 250 Tn<\/li>\n<li>Table dimensions: up to 1,000 mm x 650 mm<\/li>\n<\/ul>\n<p>[\/et_pb_text][\/et_pb_column][et_pb_column type=&#8221;1_2&#8243; specialty_columns=&#8221;2&#8243; _builder_version=&#8221;4.16&#8243; custom_padding=&#8221;|||&#8221; global_colors_info=&#8221;{}&#8221; custom_padding__hover=&#8221;|||&#8221;][et_pb_row_inner disabled_on=&#8221;on|on|on&#8221; _builder_version=&#8221;4.16&#8243; background_color=&#8221;rgba(0,0,0,0.14)&#8221; custom_padding=&#8221;0px||0px|||&#8221; disabled=&#8221;on&#8221; global_colors_info=&#8221;{}&#8221;][et_pb_column_inner saved_specialty_column_type=&#8221;1_2&#8243; _builder_version=&#8221;4.16&#8243; global_colors_info=&#8221;{}&#8221;][et_pb_video src=&#8221;https:\/\/gruponbi.com\/wp-content\/uploads\/Egikor-480.mp4&#8243; src_webm=&#8221;https:\/\/gruponbi.com\/wp-content\/uploads\/Egikor-480.webm&#8221; thumbnail_overlay_color=&#8221;rgba(0,0,0,0.6)&#8221; _builder_version=&#8221;4.16&#8243; global_colors_info=&#8221;{}&#8221;][\/et_pb_video][\/et_pb_column_inner][\/et_pb_row_inner][et_pb_row_inner _builder_version=&#8221;4.16&#8243; global_colors_info=&#8221;{}&#8221;][et_pb_column_inner saved_specialty_column_type=&#8221;1_2&#8243; _builder_version=&#8221;4.16&#8243; global_colors_info=&#8221;{}&#8221;][et_pb_gallery gallery_ids=&#8221;4931,4933,4935,4937,4939,4945,4949,4951,4953&#8243; fullwidth=&#8221;on&#8221; _builder_version=&#8221;4.20.4&#8243; global_colors_info=&#8221;{}&#8221;][\/et_pb_gallery][\/et_pb_column_inner][\/et_pb_row_inner][et_pb_row_inner disabled_on=&#8221;off|off|off&#8221; _builder_version=&#8221;4.16&#8243; background_color=&#8221;rgba(0,0,0,0.31)&#8221; custom_padding=&#8221;10px||10px||true|false&#8221; global_colors_info=&#8221;{}&#8221;][et_pb_column_inner saved_specialty_column_type=&#8221;1_2&#8243; _builder_version=&#8221;4.16&#8243; global_colors_info=&#8221;{}&#8221;][et_pb_button button_url=&#8221;https:\/\/gruponbi.com\/wp-content\/uploads\/Presentacion-comercial-industrial-v8-in.pdf&#8221; url_new_window=&#8221;on&#8221; button_text=&#8221;Industrial Commercial Presentation PDF&#8221; button_alignment=&#8221;center&#8221; _builder_version=&#8221;4.20.4&#8243; custom_button=&#8221;on&#8221; button_text_color=&#8221;#ffffff&#8221; button_border_width=&#8221;0px&#8221; button_icon=&#8221;&#x68;||divi||400&#8243; button_icon_placement=&#8221;left&#8221; button_on_hover=&#8221;off&#8221; hover_enabled=&#8221;0&#8243; global_colors_info=&#8221;{}&#8221; sticky_enabled=&#8221;0&#8243;][\/et_pb_button][\/et_pb_column_inner][\/et_pb_row_inner][et_pb_row_inner _builder_version=&#8221;4.16&#8243; background_color=&#8221;rgba(0,0,0,0.4)&#8221; custom_padding=&#8221;10px||10px||true|false&#8221; global_colors_info=&#8221;{}&#8221;][et_pb_column_inner saved_specialty_column_type=&#8221;1_2&#8243; _builder_version=&#8221;4.16&#8243; global_colors_info=&#8221;{}&#8221;][et_pb_button button_url=&#8221;https:\/\/gruponbi.com\/en\/industrial\/&#8221; button_text=&#8221;Industrial \/ All companies&#8221; button_alignment=&#8221;center&#8221; _builder_version=&#8221;4.20.4&#8243; custom_button=&#8221;on&#8221; button_text_color=&#8221;#ffffff&#8221; button_border_width=&#8221;0px&#8221; button_icon=&#8221;&#xe009;||divi||400&#8243; button_icon_placement=&#8221;left&#8221; button_on_hover=&#8221;off&#8221; global_colors_info=&#8221;{}&#8221;][\/et_pb_button][\/et_pb_column_inner][\/et_pb_row_inner][et_pb_row_inner _builder_version=&#8221;4.16&#8243; locked=&#8221;off&#8221; global_colors_info=&#8221;{}&#8221;][et_pb_column_inner saved_specialty_column_type=&#8221;1_2&#8243; _builder_version=&#8221;4.16&#8243; global_colors_info=&#8221;{}&#8221;][et_pb_text _builder_version=&#8221;4.20.4&#8243; header_2_text_color=&#8221;#e66b42&#8243; locked=&#8221;off&#8221; global_colors_info=&#8221;{}&#8221;]<\/p>\n<h2><strong>Contact<\/strong><\/h2>\n<p class=\"p1\">Pol. Ind. Betsaide pabell\u00f3n C, 48230 Elorrio (Bizkaia)- Spain<\/p>\n<p class=\"p1\"><strong>Telephone:<\/strong> (+34)946 584 676 &#8211; <strong>Fax:<\/strong> (+34)946 584 733<\/p>\n<p class=\"p1\">administracion@industriasbeta.com<\/p>\n<p>[\/et_pb_text][\/et_pb_column_inner][\/et_pb_row_inner][\/et_pb_column][\/et_pb_section]<\/p>\n","protected":false},"excerpt":{"rendered":"<p>Industrias Beta, S.L. Company founded in 1963 (Berriz, Bizkaia), dedicated to metallic stamping components. Manufacturing plant located in Elorrio with a 4.500 m\u00b2 surface. Quality certificates:Products \/ Industry Elevation industry: Large-scale reinforcements, assembled sets, visible parts with powder paint, stainless steel parts. Automotibile industry:All kinds of hinges, inserts, shock-absorber covers, bushings. Electric industry:Copper bending and [&hellip;]<\/p>\n","protected":false},"author":1,"featured_media":0,"parent":0,"menu_order":0,"comment_status":"closed","ping_status":"closed","template":"","meta":{"_et_pb_use_builder":"on","_et_pb_old_content":"<p>[et_pb_section fb_built=\"1\" _builder_version=\"4.20.4\" background_image=\"https:\/\/gruponbi.com\/wp-content\/uploads\/beta-industrias.jpg\" hover_enabled=\"0\" global_colors_info=\"{}\" title_text=\"beta industrias\" sticky_enabled=\"0\"][et_pb_row column_structure=\"1_2,1_2\" _builder_version=\"4.16\" max_width=\"80%\" custom_padding=\"0px||0px|||\" global_colors_info=\"{}\"][et_pb_column type=\"1_2\" _builder_version=\"4.16\" background_color=\"rgba(0,0,0,0.7)\" custom_padding=\"3vw|3vw|3vw|3vw|true|true\" global_colors_info=\"{}\"][et_pb_text _builder_version=\"4.20.4\" text_font_size=\"17px\" background_layout=\"dark\" hover_enabled=\"0\" global_colors_info=\"{}\" sticky_enabled=\"0\"]<\/p><h1><b>Industrias Beta, S.L.<\/b><\/h1><p>Fundada en B\u00e9rriz (Bizkaia) en 1963 y dedicada a la fabricaci\u00f3n de componentes met\u00e1licos. Planta ubicada en Elorrio con una construcci\u00f3n de 4.500 m<sup>2<\/sup><\/p><p>Certificada con:<\/p><p>[\/et_pb_text][et_pb_blurb title=\"ISO 9001:2015 (PDF)\" use_icon=\"on\" font_icon=\"h||divi||400\" icon_color=\"#ffffff\" icon_placement=\"left\" image_icon_width=\"24px\" _builder_version=\"4.20.4\" header_text_color=\"#ffffff\" link_option_url=\"https:\/\/gruponbi.com\/wp-content\/uploads\/ISO-9001.png\" link_option_url_new_window=\"on\" hover_enabled=\"0\" icon_font_size=\"24px\" global_colors_info=\"{}\" sticky_enabled=\"0\"][\/et_pb_blurb][et_pb_blurb title=\"ISO 14001:2015 (PDF)\" use_icon=\"on\" font_icon=\"h||divi||400\" icon_color=\"#ffffff\" icon_placement=\"left\" image_icon_width=\"24px\" _builder_version=\"4.20.4\" header_text_color=\"#ffffff\" link_option_url=\"https:\/\/gruponbi.com\/wp-content\/uploads\/ISO-14001.png\" link_option_url_new_window=\"on\" hover_enabled=\"0\" icon_font_size=\"24px\" global_colors_info=\"{}\" sticky_enabled=\"0\"][\/et_pb_blurb][et_pb_blurb title=\"IATF 16949:2016 (PDF)\" use_icon=\"on\" font_icon=\"h||divi||400\" icon_color=\"#ffffff\" icon_placement=\"left\" image_icon_width=\"24px\" _builder_version=\"4.20.4\" header_text_color=\"#ffffff\" custom_padding=\"||||false|false\" link_option_url=\"https:\/\/gruponbi.com\/wp-content\/uploads\/IATF-16949.png\" link_option_url_new_window=\"on\" hover_enabled=\"0\" icon_font_size=\"24px\" global_colors_info=\"{}\" sticky_enabled=\"0\"][\/et_pb_blurb][\/et_pb_column][et_pb_column type=\"1_2\" _builder_version=\"4.16\" global_colors_info=\"{}\"][\/et_pb_column][\/et_pb_row][\/et_pb_section][et_pb_section fb_built=\"1\" use_custom_gutter=\"on\" specialty=\"on\" background_color_1=\"rgba(0,0,0,0.05)\" padding_right_1=\"3vw\" padding_left_1=\"3vw\" padding_top_bottom_link_1=\"false\" padding_left_right_link_1=\"true\" _builder_version=\"4.16\" background_color=\"rgba(0,0,0,0)\" width=\"100%\" max_width=\"100%\" inner_max_width=\"100%\" global_colors_info=\"{}\"][et_pb_column type=\"1_2\" _builder_version=\"4.16\" custom_padding=\"|||\" global_colors_info=\"{}\" custom_padding__hover=\"|||\"][et_pb_text _builder_version=\"4.20.4\" header_2_text_color=\"#e66b42\" hover_enabled=\"0\" global_colors_info=\"{}\" sticky_enabled=\"0\"]<\/p><h2><strong>Productos \/ Sectores<\/strong><\/h2><p><strong>Sector elevaci\u00f3n: <\/strong>Bisagras, insertos, tapas amortiguador, copelas.<\/p><p><strong>Sector automoci\u00f3n: <\/strong>Refuerzo de gran envergadura, conjuntos montados, piezas vista con aplicaci\u00f3n de pintura en polvo, piezas de acero inoxidable<\/p><p><strong>Sector el\u00e9ctrico: <\/strong>Amplio conocimiento en el procesamiento del cobre para realizar operaciones novedosas de plegado y estampado que permiten reducir la cantidad de materia prima necesaria y costes de fabricaci\u00f3n.<\/p><p><strong>Otros sectores: <\/strong>Componentes y conjuntos empleados en sectores como el de almacenaje, de bienes de equipo, mobiliario.<\/p><h2><strong>Procesos y maquinaria<\/strong><\/h2><p><strong>Materiales procesados:<\/strong><\/p><ul><li>Acero de alto l\u00edmite el\u00e1stico (S550MC), acero inoxidable, aluminio, cobre, Zinc<\/li><\/ul><p><strong>Soldadura y embalaje:<\/strong><\/p><ul><li><p>Soldadura por resistencia<\/p><\/li><li><p>Soldadura por aportaci\u00f3n: MIG \/ MAG \/ CO2<\/p><\/li><li><p>Inserci\u00f3n de tuercas, tornillos, remachados, encastrados, engatillados<\/p><\/li><\/ul><p><strong>Tratamientos superficiales:<\/strong><\/p><ul><li><p>Zinc y aleados de Zinc<\/p><\/li><li><p>Zinc - N\u00edquel<\/p><\/li><li><p>Pintura en polvo<\/p><\/li><li><p>Plateado y esta\u00f1ado<\/p><\/li><\/ul><p><strong>Prensas para troquel progresivo:<\/strong><\/p><ul><li><p>Potencia: hasta 630 Tn<\/p><\/li><li><p>Dimensiones mesa: hasta 3.200 mm x 1.500 mm<\/p><\/li><li><p>Alimentador: hasta 1.000 mm de ancho bobina y espesor 6 mm<\/p><\/li><\/ul><p><strong>Prensa manual:<\/strong><\/p><ul><li><p>Potencia: hasta 250 Tn<\/p><\/li><li><p>Dimensiones mesa: hasta 1.000 mm x 650 mm<\/p><\/li><\/ul><p>[\/et_pb_text][\/et_pb_column][et_pb_column type=\"1_2\" specialty_columns=\"2\" _builder_version=\"4.16\" custom_padding=\"|||\" global_colors_info=\"{}\" custom_padding__hover=\"|||\"][et_pb_row_inner _builder_version=\"4.16\" background_color=\"rgba(0,0,0,0.14)\" custom_padding=\"0px||0px|||\" global_colors_info=\"{}\" disabled_on=\"on|on|on\" disabled=\"on\"][et_pb_column_inner saved_specialty_column_type=\"1_2\" _builder_version=\"4.16\" global_colors_info=\"{}\"][et_pb_video src=\"https:\/\/gruponbi.com\/wp-content\/uploads\/Egikor-480.mp4\" src_webm=\"https:\/\/gruponbi.com\/wp-content\/uploads\/Egikor-480.webm\" thumbnail_overlay_color=\"rgba(0,0,0,0.6)\" _builder_version=\"4.16\" global_colors_info=\"{}\"][\/et_pb_video][\/et_pb_column_inner][\/et_pb_row_inner][et_pb_row_inner _builder_version=\"4.16\" global_colors_info=\"{}\"][et_pb_column_inner saved_specialty_column_type=\"1_2\" _builder_version=\"4.16\" global_colors_info=\"{}\"][et_pb_gallery gallery_ids=\"4931,4933,4935,4937,4939,4945,4949,4951,4953\" fullwidth=\"on\" _builder_version=\"4.20.4\" hover_enabled=\"0\" global_colors_info=\"{}\" sticky_enabled=\"0\"][\/et_pb_gallery][\/et_pb_column_inner][\/et_pb_row_inner][et_pb_row_inner _builder_version=\"4.16\" background_color=\"rgba(0,0,0,0.31)\" custom_padding=\"10px||10px||true|false\" global_colors_info=\"{}\" disabled_on=\"on|on|on\" disabled=\"on\"][et_pb_column_inner saved_specialty_column_type=\"1_2\" _builder_version=\"4.16\" global_colors_info=\"{}\"][et_pb_button button_url=\"https:\/\/gruponbi.com\/wp-content\/uploads\/Leafleft-industrial-cast-v3.pdf\" url_new_window=\"on\" button_text=\"Presentaci\u00f3n Comercial Industrial PDF\" button_alignment=\"center\" _builder_version=\"4.16\" custom_button=\"on\" button_text_color=\"#ffffff\" button_border_width=\"0px\" button_icon=\"h||divi||400\" button_icon_placement=\"left\" button_on_hover=\"off\" global_colors_info=\"{}\"][\/et_pb_button][\/et_pb_column_inner][\/et_pb_row_inner][et_pb_row_inner _builder_version=\"4.16\" background_color=\"rgba(0,0,0,0.4)\" custom_padding=\"10px||10px||true|false\" global_colors_info=\"{}\"][et_pb_column_inner saved_specialty_column_type=\"1_2\" _builder_version=\"4.16\" global_colors_info=\"{}\"][et_pb_button button_url=\"https:\/\/gruponbi.com\/industrial\/\" button_text=\"Industrial \/ Todas las empresas\" button_alignment=\"center\" _builder_version=\"4.16\" custom_button=\"on\" button_text_color=\"#ffffff\" button_border_width=\"0px\" button_icon=\"\ue009||divi||400\" button_icon_placement=\"left\" button_on_hover=\"off\" global_colors_info=\"{}\"][\/et_pb_button][\/et_pb_column_inner][\/et_pb_row_inner][et_pb_row_inner _builder_version=\"4.16\" locked=\"off\" global_colors_info=\"{}\"][et_pb_column_inner saved_specialty_column_type=\"1_2\" _builder_version=\"4.16\" global_colors_info=\"{}\"][et_pb_text _builder_version=\"4.20.4\" header_2_text_color=\"#e66b42\" hover_enabled=\"0\" locked=\"off\" global_colors_info=\"{}\" sticky_enabled=\"0\"]<\/p><h2><strong>Contacto<\/strong><\/h2><p class=\"p1\">Pol. Ind. Betsaide pabell\u00f3n C, 48230 Elorrio (Bizkaia)- Spain<\/p><p class=\"p1\"><strong>Tel\u00e9fono:<\/strong> (+34)946 584 676 - <strong>Fax:<\/strong> (+34)946 584 733<\/p><p class=\"p1\">administracion@industriasbeta.com<\/p><p>[\/et_pb_text][\/et_pb_column_inner][\/et_pb_row_inner][\/et_pb_column][\/et_pb_section]<\/p>","_et_gb_content_width":"","footnotes":""},"class_list":["post-4957","page","type-page","status-publish","hentry"],"yoast_head":"<!-- This site is optimized with the Yoast SEO plugin v27.4 - https:\/\/yoast.com\/product\/yoast-seo-wordpress\/ -->\n<title>Industrias Beta - Grupo NBI<\/title>\n<meta name=\"robots\" content=\"index, follow, max-snippet:-1, max-image-preview:large, max-video-preview:-1\" \/>\n<link rel=\"canonical\" href=\"https:\/\/gruponbi.com\/en\/industrias-beta\/\" \/>\n<meta property=\"og:locale\" content=\"en_US\" \/>\n<meta property=\"og:type\" content=\"article\" \/>\n<meta property=\"og:title\" content=\"Industrias Beta - Grupo NBI\" \/>\n<meta property=\"og:description\" content=\"Industrias Beta, S.L. Company founded in 1963 (Berriz, Bizkaia), dedicated to metallic stamping components. Manufacturing plant located in Elorrio with a 4.500 m\u00b2 surface. Quality certificates:Products \/ Industry Elevation industry: Large-scale reinforcements, assembled sets, visible parts with powder paint, stainless steel parts. Automotibile industry:All kinds of hinges, inserts, shock-absorber covers, bushings. Electric industry:Copper bending and [&hellip;]\" \/>\n<meta property=\"og:url\" content=\"https:\/\/gruponbi.com\/en\/industrias-beta\/\" \/>\n<meta property=\"og:site_name\" content=\"Grupo NBI\" \/>\n<meta property=\"article:publisher\" content=\"https:\/\/www.facebook.com\/NBI-Bearings-Europe-136928606320574\/\" \/>\n<meta property=\"article:modified_time\" content=\"2023-05-17T13:41:08+00:00\" \/>\n<meta name=\"twitter:card\" content=\"summary_large_image\" \/>\n<meta name=\"twitter:site\" content=\"@nbibearings\" \/>\n<script type=\"application\/ld+json\" class=\"yoast-schema-graph\">{\"@context\":\"https:\\\/\\\/schema.org\",\"@graph\":[{\"@type\":\"WebPage\",\"@id\":\"https:\\\/\\\/gruponbi.com\\\/en\\\/industrias-beta\\\/\",\"url\":\"https:\\\/\\\/gruponbi.com\\\/en\\\/industrias-beta\\\/\",\"name\":\"Industrias Beta - Grupo NBI\",\"isPartOf\":{\"@id\":\"https:\\\/\\\/gruponbi.com\\\/en\\\/#website\"},\"datePublished\":\"2023-05-08T17:36:39+00:00\",\"dateModified\":\"2023-05-17T13:41:08+00:00\",\"breadcrumb\":{\"@id\":\"https:\\\/\\\/gruponbi.com\\\/en\\\/industrias-beta\\\/#breadcrumb\"},\"inLanguage\":\"en-US\",\"potentialAction\":[{\"@type\":\"ReadAction\",\"target\":[\"https:\\\/\\\/gruponbi.com\\\/en\\\/industrias-beta\\\/\"]}]},{\"@type\":\"BreadcrumbList\",\"@id\":\"https:\\\/\\\/gruponbi.com\\\/en\\\/industrias-beta\\\/#breadcrumb\",\"itemListElement\":[{\"@type\":\"ListItem\",\"position\":1,\"name\":\"Portada\",\"item\":\"https:\\\/\\\/gruponbi.com\\\/en\\\/\"},{\"@type\":\"ListItem\",\"position\":2,\"name\":\"Industrias Beta\"}]},{\"@type\":\"WebSite\",\"@id\":\"https:\\\/\\\/gruponbi.com\\\/en\\\/#website\",\"url\":\"https:\\\/\\\/gruponbi.com\\\/en\\\/\",\"name\":\"Grupo NBI\",\"description\":\"NBI Group\",\"publisher\":{\"@id\":\"https:\\\/\\\/gruponbi.com\\\/en\\\/#organization\"},\"alternateName\":\"NBI Bearings\",\"potentialAction\":[{\"@type\":\"SearchAction\",\"target\":{\"@type\":\"EntryPoint\",\"urlTemplate\":\"https:\\\/\\\/gruponbi.com\\\/en\\\/?s={search_term_string}\"},\"query-input\":{\"@type\":\"PropertyValueSpecification\",\"valueRequired\":true,\"valueName\":\"search_term_string\"}}],\"inLanguage\":\"en-US\"},{\"@type\":\"Organization\",\"@id\":\"https:\\\/\\\/gruponbi.com\\\/en\\\/#organization\",\"name\":\"NBI Group\",\"url\":\"https:\\\/\\\/gruponbi.com\\\/en\\\/\",\"logo\":{\"@type\":\"ImageObject\",\"inLanguage\":\"en-US\",\"@id\":\"https:\\\/\\\/gruponbi.com\\\/en\\\/#\\\/schema\\\/logo\\\/image\\\/\",\"url\":\"https:\\\/\\\/gruponbi.com\\\/wp-content\\\/uploads\\\/grupo-nbi-logo.png\",\"contentUrl\":\"https:\\\/\\\/gruponbi.com\\\/wp-content\\\/uploads\\\/grupo-nbi-logo.png\",\"width\":164,\"height\":50,\"caption\":\"NBI Group\"},\"image\":{\"@id\":\"https:\\\/\\\/gruponbi.com\\\/en\\\/#\\\/schema\\\/logo\\\/image\\\/\"},\"sameAs\":[\"https:\\\/\\\/www.facebook.com\\\/NBI-Bearings-Europe-136928606320574\\\/\",\"https:\\\/\\\/x.com\\\/nbibearings\"]}]}<\/script>\n<!-- \/ Yoast SEO plugin. -->","yoast_head_json":{"title":"Industrias Beta - Grupo NBI","robots":{"index":"index","follow":"follow","max-snippet":"max-snippet:-1","max-image-preview":"max-image-preview:large","max-video-preview":"max-video-preview:-1"},"canonical":"https:\/\/gruponbi.com\/en\/industrias-beta\/","og_locale":"en_US","og_type":"article","og_title":"Industrias Beta - Grupo NBI","og_description":"Industrias Beta, S.L. Company founded in 1963 (Berriz, Bizkaia), dedicated to metallic stamping components. Manufacturing plant located in Elorrio with a 4.500 m\u00b2 surface. Quality certificates:Products \/ Industry Elevation industry: Large-scale reinforcements, assembled sets, visible parts with powder paint, stainless steel parts. Automotibile industry:All kinds of hinges, inserts, shock-absorber covers, bushings. Electric industry:Copper bending and [&hellip;]","og_url":"https:\/\/gruponbi.com\/en\/industrias-beta\/","og_site_name":"Grupo NBI","article_publisher":"https:\/\/www.facebook.com\/NBI-Bearings-Europe-136928606320574\/","article_modified_time":"2023-05-17T13:41:08+00:00","twitter_card":"summary_large_image","twitter_site":"@nbibearings","schema":{"@context":"https:\/\/schema.org","@graph":[{"@type":"WebPage","@id":"https:\/\/gruponbi.com\/en\/industrias-beta\/","url":"https:\/\/gruponbi.com\/en\/industrias-beta\/","name":"Industrias Beta - Grupo NBI","isPartOf":{"@id":"https:\/\/gruponbi.com\/en\/#website"},"datePublished":"2023-05-08T17:36:39+00:00","dateModified":"2023-05-17T13:41:08+00:00","breadcrumb":{"@id":"https:\/\/gruponbi.com\/en\/industrias-beta\/#breadcrumb"},"inLanguage":"en-US","potentialAction":[{"@type":"ReadAction","target":["https:\/\/gruponbi.com\/en\/industrias-beta\/"]}]},{"@type":"BreadcrumbList","@id":"https:\/\/gruponbi.com\/en\/industrias-beta\/#breadcrumb","itemListElement":[{"@type":"ListItem","position":1,"name":"Portada","item":"https:\/\/gruponbi.com\/en\/"},{"@type":"ListItem","position":2,"name":"Industrias Beta"}]},{"@type":"WebSite","@id":"https:\/\/gruponbi.com\/en\/#website","url":"https:\/\/gruponbi.com\/en\/","name":"Grupo NBI","description":"NBI Group","publisher":{"@id":"https:\/\/gruponbi.com\/en\/#organization"},"alternateName":"NBI Bearings","potentialAction":[{"@type":"SearchAction","target":{"@type":"EntryPoint","urlTemplate":"https:\/\/gruponbi.com\/en\/?s={search_term_string}"},"query-input":{"@type":"PropertyValueSpecification","valueRequired":true,"valueName":"search_term_string"}}],"inLanguage":"en-US"},{"@type":"Organization","@id":"https:\/\/gruponbi.com\/en\/#organization","name":"NBI Group","url":"https:\/\/gruponbi.com\/en\/","logo":{"@type":"ImageObject","inLanguage":"en-US","@id":"https:\/\/gruponbi.com\/en\/#\/schema\/logo\/image\/","url":"https:\/\/gruponbi.com\/wp-content\/uploads\/grupo-nbi-logo.png","contentUrl":"https:\/\/gruponbi.com\/wp-content\/uploads\/grupo-nbi-logo.png","width":164,"height":50,"caption":"NBI Group"},"image":{"@id":"https:\/\/gruponbi.com\/en\/#\/schema\/logo\/image\/"},"sameAs":["https:\/\/www.facebook.com\/NBI-Bearings-Europe-136928606320574\/","https:\/\/x.com\/nbibearings"]}]}},"_links":{"self":[{"href":"https:\/\/gruponbi.com\/en\/wp-json\/wp\/v2\/pages\/4957","targetHints":{"allow":["GET"]}}],"collection":[{"href":"https:\/\/gruponbi.com\/en\/wp-json\/wp\/v2\/pages"}],"about":[{"href":"https:\/\/gruponbi.com\/en\/wp-json\/wp\/v2\/types\/page"}],"author":[{"embeddable":true,"href":"https:\/\/gruponbi.com\/en\/wp-json\/wp\/v2\/users\/1"}],"replies":[{"embeddable":true,"href":"https:\/\/gruponbi.com\/en\/wp-json\/wp\/v2\/comments?post=4957"}],"version-history":[{"count":0,"href":"https:\/\/gruponbi.com\/en\/wp-json\/wp\/v2\/pages\/4957\/revisions"}],"wp:attachment":[{"href":"https:\/\/gruponbi.com\/en\/wp-json\/wp\/v2\/media?parent=4957"}],"curies":[{"name":"wp","href":"https:\/\/api.w.org\/{rel}","templated":true}]}}