{"id":4727,"date":"2019-11-27T14:43:35","date_gmt":"2019-11-27T14:43:35","guid":{"rendered":"https:\/\/gruponbi.com\/?page_id=4727"},"modified":"2022-07-06T10:23:11","modified_gmt":"2022-07-06T10:23:11","slug":"employment-opportunities","status":"publish","type":"page","link":"https:\/\/gruponbi.com\/en\/employment-opportunities\/","title":{"rendered":"Employment opportunities"},"content":{"rendered":"<p>[et_pb_section fb_built=&#8221;1&#8243; _builder_version=&#8221;4.17.4&#8243; background_image=&#8221;https:\/\/gruponbi.com\/wp-content\/uploads\/jobs-copia.jpg&#8221; parallax=&#8221;on&#8221; parallax_method=&#8221;off&#8221; custom_padding=&#8221;10vw||10vw||true|false&#8221; background_last_edited=&#8221;off|desktop&#8221; global_colors_info=&#8221;{}&#8221; background__hover_enabled=&#8221;on|hover&#8221;][et_pb_row column_structure=&#8221;1_2,1_2&#8243; _builder_version=&#8221;4.16&#8243; global_colors_info=&#8221;{}&#8221;][et_pb_column type=&#8221;1_2&#8243; _builder_version=&#8221;4.16&#8243; global_colors_info=&#8221;{}&#8221;][et_pb_text _builder_version=&#8221;4.17.4&#8243; _module_preset=&#8221;db8cc5b4-4dfc-4eae-982d-e30d9914152b&#8221; header_font=&#8221;|700|||||||&#8221; header_text_color=&#8221;#ffffff&#8221; header_font_size=&#8221;60px&#8221; header_font_size_tablet=&#8221;&#8221; header_font_size_phone=&#8221;40px&#8221; header_font_size_last_edited=&#8221;on|phone&#8221; global_colors_info=&#8221;{}&#8221;]<\/p>\n<h1 class=\"p1\"><span class=\"s1\">Employment opportunities<\/span><\/h1>\n<p>[\/et_pb_text][\/et_pb_column][et_pb_column type=&#8221;1_2&#8243; _builder_version=&#8221;4.16&#8243; global_colors_info=&#8221;{}&#8221;][\/et_pb_column][\/et_pb_row][\/et_pb_section][et_pb_section fb_built=&#8221;1&#8243; _builder_version=&#8221;4.16&#8243; global_colors_info=&#8221;{}&#8221;][et_pb_row column_structure=&#8221;1_4,3_4&#8243; _builder_version=&#8221;4.16&#8243; global_colors_info=&#8221;{}&#8221;][et_pb_column type=&#8221;1_4&#8243; _builder_version=&#8221;4.16&#8243; global_colors_info=&#8221;{}&#8221;][et_pb_text _builder_version=&#8221;4.17.4&#8243; _module_preset=&#8221;3304d3bc-eb7c-4fe7-9fc0-cf0c50abbd0e&#8221; global_colors_info=&#8221;{}&#8221;]<\/p>\n<h2>Talent<\/h2>\n<p>[\/et_pb_text][\/et_pb_column][et_pb_column type=&#8221;3_4&#8243; _builder_version=&#8221;4.16&#8243; global_colors_info=&#8221;{}&#8221;][et_pb_text _builder_version=&#8221;4.17.4&#8243; global_colors_info=&#8221;{}&#8221;]<\/p>\n<p><span>At NBI we maintain a constant search for excellence. We are aware that our human teams are our greatest asset, and for this reason, we seek committed, innovative, proactive and rigorous professionals, who make it possible for us to continue being recognized as one of the most prestigious companies in the sector.<\/span><\/p>\n<p><span>In this section you will find a list of the selection processes that we currently have open. You can also, if you wish, send us your application spontaneously.<\/span><\/p>\n<p class=\"p1\"><span class=\"s1\">Your data will be incorporated into a file within the NBI Group, so that we can contact you regarding your request. For more information about our privacy policy, please visit the following <a href=\"https:\/\/gruponbi.com\/en\/privacy-policy\/\" target=\"_blank\" rel=\"noopener\">link<\/a>.<\/span><\/p>\n<blockquote>\n<p class=\"p1\"><strong><span class=\"s1\">We grow with those who help us grow.<\/span><\/strong><\/p>\n<\/blockquote>\n<p>[\/et_pb_text][\/et_pb_column][\/et_pb_row][\/et_pb_section][et_pb_section fb_built=&#8221;1&#8243; _builder_version=&#8221;4.16&#8243; background_color=&#8221;rgba(0,0,0,0.05)&#8221; global_colors_info=&#8221;{}&#8221;][et_pb_row column_structure=&#8221;1_4,3_4&#8243; _builder_version=&#8221;4.16&#8243; global_colors_info=&#8221;{}&#8221;][et_pb_column type=&#8221;1_4&#8243; _builder_version=&#8221;4.16&#8243; global_colors_info=&#8221;{}&#8221;][et_pb_text _builder_version=&#8221;4.17.4&#8243; _module_preset=&#8221;3304d3bc-eb7c-4fe7-9fc0-cf0c50abbd0e&#8221; global_colors_info=&#8221;{}&#8221;]<\/p>\n<h2>Active offers<\/h2>\n<p>[\/et_pb_text][\/et_pb_column][et_pb_column type=&#8221;3_4&#8243; _builder_version=&#8221;4.16&#8243; global_colors_info=&#8221;{}&#8221;][et_pb_code _builder_version=&#8221;4.17.4&#8243; _module_preset=&#8221;default&#8221; global_colors_info=&#8221;{}&#8221;]<div class=\"job_listings\" data-location=\"\" data-keywords=\"\" data-show_filters=\"true\" data-show_pagination=\"false\" data-per_page=\"20\" data-orderby=\"featured\" data-order=\"DESC\" data-categories=\"\" data-disable-form-state-storage=\"\" data-featured_first=\"false\" data-post_id=\"4727\" >\n<form class=\"job_filters\">\n\t\n\t<div class=\"search_jobs\">\n\t\t\n\t\t<div class=\"search_keywords\">\n\t\t\t<label for=\"search_keywords\">Keywords<\/label>\n\t\t\t<input type=\"text\" name=\"search_keywords\" id=\"search_keywords\" placeholder=\"Keywords\" value=\"\" \/>\n\t\t<\/div>\n\n\t\t<div class=\"search_location\">\n\t\t\t<label for=\"search_location\">Location<\/label>\n\t\t\t<input type=\"text\" name=\"search_location\" id=\"search_location\" placeholder=\"Location\" value=\"\" \/>\n\t\t<\/div>\n\n\t\t\t\t\t<div class=\"search_remote_position\">\n\t\t\t\t<input type=\"checkbox\" class=\"input-checkbox\" name=\"remote_position\" id=\"remote_position\" placeholder=\"Location\" value=\"1\"  \/>\n\t\t\t\t<label for=\"remote_position\" id=\"remote_position_label\">Remote positions only<\/label>\n\t\t\t<\/div>\n\t\t\n\t\t<div style=\"clear: both\"><\/div>\n\n\t\t\n\t\t\t\t\t<div class=\"search_submit\">\n\t\t\t\t<input type=\"submit\" value=\"Search Jobs\">\n\t\t\t<\/div>\n\t\t\n\t\t\t<\/div>\n\n\t\t<ul class=\"job_types\">\n\t\t\t<\/ul>\n\t<input type=\"hidden\" name=\"filter_job_type[]\" value=\"\" \/>\n<div class=\"showing_jobs\"><\/div><\/form>\n\n\n<noscript>Your browser does not support JavaScript, or it is disabled. JavaScript must be enabled in order to view listings.<\/noscript>\n<ul class=\"job_listings\">\n<\/ul>\n<a class=\"load_more_jobs\" href=\"#\" style=\"display:none;\"><strong>Load more listings<\/strong><\/a><\/div>[\/et_pb_code][\/et_pb_column][\/et_pb_row][\/et_pb_section][et_pb_section fb_built=&#8221;1&#8243; _builder_version=&#8221;4.17.4&#8243; background_color=&#8221;#FFFFFF&#8221; global_colors_info=&#8221;{}&#8221;][et_pb_row column_structure=&#8221;1_4,3_4&#8243; _builder_version=&#8221;4.16&#8243; global_colors_info=&#8221;{}&#8221;][et_pb_column type=&#8221;1_4&#8243; _builder_version=&#8221;4.16&#8243; global_colors_info=&#8221;{}&#8221;][et_pb_text _builder_version=&#8221;4.17.4&#8243; _module_preset=&#8221;3304d3bc-eb7c-4fe7-9fc0-cf0c50abbd0e&#8221; global_colors_info=&#8221;{}&#8221;]<\/p>\n<h2 class=\"p1\"><span class=\"s1\">Spontaneous candidacy<\/span><\/h2>\n<p>[\/et_pb_text][\/et_pb_column][et_pb_column type=&#8221;3_4&#8243; _builder_version=&#8221;4.16&#8243; global_colors_info=&#8221;{}&#8221;][et_pb_text _builder_version=&#8221;4.17.4&#8243; global_colors_info=&#8221;{}&#8221;]<\/p>\n<blockquote>\n<p><strong>Are there no offers that suit your profile?<\/strong><\/p>\n<\/blockquote>\n<div class=\"text-detail general-typo\" data-v-9d0c701c=\"\">\n<p><span style=\"font-size: 16px;\"><span>If you think you can add value to the NBI group but you have not found available offers or of your interest, you can still send us your CV for future opportunities to: <\/span><a href=\"mailto:humanresources@gruponbi.com?subject=Solicitud%20enviada%20a%20trav%C3%A9s%20de%20la%20oferta%20de%20trabajo%20%C2%ABKey%20Account%20Manager%20Europa%20y%20LATAM%C2%BB%20en%20https%3A%2F%2Fgruponbi.com\">humanresources@gruponbi.com<\/a><\/span><\/p>\n<p><span>Your data will be incorporated into a file within the NBI Group, so that we can contact you regarding your request. For more information about our privacy policy, please visit the following <a href=\"https:\/\/gruponbi.com\/en\/privacy-policy\/\" target=\"_blank\" rel=\"noopener\">link<\/a>.<\/span><\/p>\n<\/div>\n<p>[\/et_pb_text][\/et_pb_column][\/et_pb_row][\/et_pb_section][et_pb_section fb_built=&#8221;1&#8243; _builder_version=&#8221;4.16&#8243; background_color=&#8221;#e66b42&#8243; custom_padding=&#8221;0px||0px|||&#8221; global_colors_info=&#8221;{}&#8221;][et_pb_row column_structure=&#8221;1_2,1_2&#8243; _builder_version=&#8221;4.16&#8243; width=&#8221;100%&#8221; max_width=&#8221;100%&#8221; custom_padding=&#8221;0px||0px|||&#8221; global_colors_info=&#8221;{}&#8221;][et_pb_column type=&#8221;1_2&#8243; _builder_version=&#8221;4.16&#8243; global_colors_info=&#8221;{}&#8221;][\/et_pb_column][et_pb_column type=&#8221;1_2&#8243; _builder_version=&#8221;4.16&#8243; global_colors_info=&#8221;{}&#8221;][\/et_pb_column][\/et_pb_row][\/et_pb_section]<\/p>\n","protected":false},"excerpt":{"rendered":"<p>Employment opportunitiesTalentAt NBI we maintain a constant search for excellence. We are aware that our human teams are our greatest asset, and for this reason, we seek committed, innovative, proactive and rigorous professionals, who make it possible for us to continue being recognized as one of the most prestigious companies in the sector. In this [&hellip;]<\/p>\n","protected":false},"author":1,"featured_media":0,"parent":0,"menu_order":0,"comment_status":"closed","ping_status":"closed","template":"","meta":{"_et_pb_use_builder":"on","_et_pb_old_content":"<p>[et_pb_section fb_built=\"1\" _builder_version=\"4.17.4\" background_image=\"https:\/\/gruponbi.com\/wp-content\/uploads\/jobs-copia.jpg\" parallax=\"on\" parallax_method=\"off\" custom_padding=\"10vw||10vw||true|false\" background_last_edited=\"off|desktop\" global_colors_info=\"{}\" background__hover_enabled=\"on|hover\"][et_pb_row column_structure=\"1_2,1_2\" _builder_version=\"4.16\" global_colors_info=\"{}\"][et_pb_column type=\"1_2\" _builder_version=\"4.16\" global_colors_info=\"{}\"][et_pb_text _builder_version=\"4.16\" _module_preset=\"db8cc5b4-4dfc-4eae-982d-e30d9914152b\" header_font=\"|700|||||||\" header_text_color=\"#ffffff\" header_font_size=\"60px\" header_font_size_tablet=\"\" header_font_size_phone=\"40px\" header_font_size_last_edited=\"on|phone\" global_colors_info=\"{}\"]<\/p><h1>Oportunidades de empleo<\/h1><p>[\/et_pb_text][\/et_pb_column][et_pb_column type=\"1_2\" _builder_version=\"4.16\" global_colors_info=\"{}\"][\/et_pb_column][\/et_pb_row][\/et_pb_section][et_pb_section fb_built=\"1\" _builder_version=\"4.16\" global_colors_info=\"{}\"][et_pb_row column_structure=\"1_4,3_4\" _builder_version=\"4.16\" global_colors_info=\"{}\"][et_pb_column type=\"1_4\" _builder_version=\"4.16\" global_colors_info=\"{}\"][et_pb_text _builder_version=\"4.17.4\" _module_preset=\"3304d3bc-eb7c-4fe7-9fc0-cf0c50abbd0e\" global_colors_info=\"{}\"]<\/p><h2>Talento<\/h2><p>[\/et_pb_text][\/et_pb_column][et_pb_column type=\"3_4\" _builder_version=\"4.16\" global_colors_info=\"{}\"][et_pb_text _builder_version=\"4.17.4\" global_colors_info=\"{}\"]<\/p><p>En NBI Bearings mantenemos una constante b\u00fasqueda de la excelencia. Somos conscientes de que nuestros equipos humanos son nuestro mayor activo, y por ello, buscamos profesionales comprometidos, innovadores, proactivos y rigurosos, que hagan posible que sigamos siendo reconocidos como una de las empresas m\u00e1s prestigiosas del sector.<\/p><p>En esta secci\u00f3n encontrar\u00e1s un listado de los procesos de selecci\u00f3n que tenemos abiertos en la actualidad. Tambi\u00e9n puedes, si lo deseas, hacernos llegar tu candidatura de manera espont\u00e1nea.<\/p><p><span style=\"font-size: 16px;\">Tus datos se incorporar\u00e1n a un fichero del Grupo NBI, con la finalidad de ponernos en contacto contigo y atender a tu solicitud. Para m\u00e1s informaci\u00f3n sobre nuestra pol\u00edtica de privacidad, visita el siguiente <a href=\"https:\/\/gruponbi.com\/politica-de-privacidad\/\">enlace<\/a>.<\/span><\/p><blockquote><p><strong>Crecemos con quienes nos ayudan a crecer.<\/strong><\/p><\/blockquote><p>[\/et_pb_text][\/et_pb_column][\/et_pb_row][\/et_pb_section][et_pb_section fb_built=\"1\" _builder_version=\"4.16\" background_color=\"rgba(0,0,0,0.05)\" global_colors_info=\"{}\"][et_pb_row column_structure=\"1_4,3_4\" _builder_version=\"4.16\" global_colors_info=\"{}\"][et_pb_column type=\"1_4\" _builder_version=\"4.16\" global_colors_info=\"{}\"][et_pb_text _builder_version=\"4.17.4\" _module_preset=\"3304d3bc-eb7c-4fe7-9fc0-cf0c50abbd0e\" global_colors_info=\"{}\"]<\/p><h2>Ofertas activas<\/h2><p>[\/et_pb_text][\/et_pb_column][et_pb_column type=\"3_4\" _builder_version=\"4.16\" global_colors_info=\"{}\"][et_pb_code _builder_version=\"4.17.4\" _module_preset=\"default\" global_colors_info=\"{}\"][jobs][\/et_pb_code][\/et_pb_column][\/et_pb_row][\/et_pb_section][et_pb_section fb_built=\"1\" _builder_version=\"4.17.4\" background_color=\"#FFFFFF\" global_colors_info=\"{}\"][et_pb_row column_structure=\"1_4,3_4\" _builder_version=\"4.16\" global_colors_info=\"{}\"][et_pb_column type=\"1_4\" _builder_version=\"4.16\" global_colors_info=\"{}\"][et_pb_text _builder_version=\"4.17.4\" _module_preset=\"3304d3bc-eb7c-4fe7-9fc0-cf0c50abbd0e\" global_colors_info=\"{}\"]<\/p><h2>Candidatura espont\u00e1nea<\/h2><p>[\/et_pb_text][\/et_pb_column][et_pb_column type=\"3_4\" _builder_version=\"4.16\" global_colors_info=\"{}\"][et_pb_text _builder_version=\"4.17.4\" global_colors_info=\"{}\"]<\/p><blockquote><p><strong>\u00bfNo hay ofertas que se adapten a tu perfil?<\/strong><\/p><\/blockquote><div class=\"text-detail general-typo\" data-v-9d0c701c=\"\"><p>Si crees que puedes aportar valor al grupo NBI pero no has encontrado ofertas disponibles o de tu inter\u00e9s, puedes env\u00edanos de todas formas tu CV para futuras oportunidades a: <a class=\"job_application_email\" href=\"mailto:humanresources@gruponbi.com?subject=Solicitud%20enviada%20a%20trav%C3%A9s%20de%20la%20oferta%20de%20trabajo%20%C2%ABKey%20Account%20Manager%20Europa%20y%20LATAM%C2%BB%20en%20https%3A%2F%2Fgruponbi.com\">humanresources@gruponbi.com<\/a><\/p><p><span style=\"font-size: 16px;\">Tus datos se incorporar\u00e1n a un fichero del Grupo NBI, con la finalidad de ponernos en contacto contigo y atender a tu solicitud. Para m\u00e1s informaci\u00f3n sobre nuestra pol\u00edtica de privacidad, visita el siguiente <a href=\"https:\/\/gruponbi.com\/politica-de-privacidad\/\">enlace<\/a>.<\/span><\/p><\/div><p>[\/et_pb_text][\/et_pb_column][\/et_pb_row][\/et_pb_section][et_pb_section fb_built=\"1\" _builder_version=\"4.16\" background_color=\"#e66b42\" custom_padding=\"0px||0px|||\" global_colors_info=\"{}\"][et_pb_row column_structure=\"1_2,1_2\" _builder_version=\"4.16\" width=\"100%\" max_width=\"100%\" custom_padding=\"0px||0px|||\" global_colors_info=\"{}\"][et_pb_column type=\"1_2\" _builder_version=\"4.16\" global_colors_info=\"{}\"][\/et_pb_column][et_pb_column type=\"1_2\" _builder_version=\"4.16\" global_colors_info=\"{}\"][\/et_pb_column][\/et_pb_row][\/et_pb_section]<\/p>","_et_gb_content_width":"","footnotes":""},"class_list":["post-4727","page","type-page","status-publish","hentry"],"yoast_head":"<!-- This site is optimized with the Yoast SEO plugin v27.4 - https:\/\/yoast.com\/product\/yoast-seo-wordpress\/ -->\n<title>Employment opportunities - Grupo NBI<\/title>\n<meta name=\"robots\" content=\"index, follow, max-snippet:-1, max-image-preview:large, max-video-preview:-1\" \/>\n<link rel=\"canonical\" href=\"https:\/\/gruponbi.com\/en\/employment-opportunities\/\" \/>\n<meta property=\"og:locale\" content=\"en_US\" \/>\n<meta property=\"og:type\" content=\"article\" \/>\n<meta property=\"og:title\" content=\"Employment opportunities - Grupo NBI\" \/>\n<meta property=\"og:description\" content=\"Employment opportunitiesTalentAt NBI we maintain a constant search for excellence. We are aware that our human teams are our greatest asset, and for this reason, we seek committed, innovative, proactive and rigorous professionals, who make it possible for us to continue being recognized as one of the most prestigious companies in the sector. In this [&hellip;]\" \/>\n<meta property=\"og:url\" content=\"https:\/\/gruponbi.com\/en\/employment-opportunities\/\" \/>\n<meta property=\"og:site_name\" content=\"Grupo NBI\" \/>\n<meta property=\"article:publisher\" content=\"https:\/\/www.facebook.com\/NBI-Bearings-Europe-136928606320574\/\" \/>\n<meta property=\"article:modified_time\" content=\"2022-07-06T10:23:11+00:00\" \/>\n<meta name=\"twitter:card\" content=\"summary_large_image\" \/>\n<meta name=\"twitter:site\" content=\"@nbibearings\" \/>\n<script type=\"application\/ld+json\" class=\"yoast-schema-graph\">{\"@context\":\"https:\\\/\\\/schema.org\",\"@graph\":[{\"@type\":\"WebPage\",\"@id\":\"https:\\\/\\\/gruponbi.com\\\/en\\\/employment-opportunities\\\/\",\"url\":\"https:\\\/\\\/gruponbi.com\\\/en\\\/employment-opportunities\\\/\",\"name\":\"Employment opportunities - Grupo NBI\",\"isPartOf\":{\"@id\":\"https:\\\/\\\/gruponbi.com\\\/en\\\/#website\"},\"datePublished\":\"2019-11-27T14:43:35+00:00\",\"dateModified\":\"2022-07-06T10:23:11+00:00\",\"breadcrumb\":{\"@id\":\"https:\\\/\\\/gruponbi.com\\\/en\\\/employment-opportunities\\\/#breadcrumb\"},\"inLanguage\":\"en-US\",\"potentialAction\":[{\"@type\":\"ReadAction\",\"target\":[\"https:\\\/\\\/gruponbi.com\\\/en\\\/employment-opportunities\\\/\"]}]},{\"@type\":\"BreadcrumbList\",\"@id\":\"https:\\\/\\\/gruponbi.com\\\/en\\\/employment-opportunities\\\/#breadcrumb\",\"itemListElement\":[{\"@type\":\"ListItem\",\"position\":1,\"name\":\"Portada\",\"item\":\"https:\\\/\\\/gruponbi.com\\\/en\\\/\"},{\"@type\":\"ListItem\",\"position\":2,\"name\":\"Employment opportunities\"}]},{\"@type\":\"WebSite\",\"@id\":\"https:\\\/\\\/gruponbi.com\\\/en\\\/#website\",\"url\":\"https:\\\/\\\/gruponbi.com\\\/en\\\/\",\"name\":\"Grupo NBI\",\"description\":\"NBI Group\",\"publisher\":{\"@id\":\"https:\\\/\\\/gruponbi.com\\\/en\\\/#organization\"},\"alternateName\":\"NBI Bearings\",\"potentialAction\":[{\"@type\":\"SearchAction\",\"target\":{\"@type\":\"EntryPoint\",\"urlTemplate\":\"https:\\\/\\\/gruponbi.com\\\/en\\\/?s={search_term_string}\"},\"query-input\":{\"@type\":\"PropertyValueSpecification\",\"valueRequired\":true,\"valueName\":\"search_term_string\"}}],\"inLanguage\":\"en-US\"},{\"@type\":\"Organization\",\"@id\":\"https:\\\/\\\/gruponbi.com\\\/en\\\/#organization\",\"name\":\"NBI Group\",\"url\":\"https:\\\/\\\/gruponbi.com\\\/en\\\/\",\"logo\":{\"@type\":\"ImageObject\",\"inLanguage\":\"en-US\",\"@id\":\"https:\\\/\\\/gruponbi.com\\\/en\\\/#\\\/schema\\\/logo\\\/image\\\/\",\"url\":\"https:\\\/\\\/gruponbi.com\\\/wp-content\\\/uploads\\\/grupo-nbi-logo.png\",\"contentUrl\":\"https:\\\/\\\/gruponbi.com\\\/wp-content\\\/uploads\\\/grupo-nbi-logo.png\",\"width\":164,\"height\":50,\"caption\":\"NBI Group\"},\"image\":{\"@id\":\"https:\\\/\\\/gruponbi.com\\\/en\\\/#\\\/schema\\\/logo\\\/image\\\/\"},\"sameAs\":[\"https:\\\/\\\/www.facebook.com\\\/NBI-Bearings-Europe-136928606320574\\\/\",\"https:\\\/\\\/x.com\\\/nbibearings\"]}]}<\/script>\n<!-- \/ Yoast SEO plugin. -->","yoast_head_json":{"title":"Employment opportunities - Grupo NBI","robots":{"index":"index","follow":"follow","max-snippet":"max-snippet:-1","max-image-preview":"max-image-preview:large","max-video-preview":"max-video-preview:-1"},"canonical":"https:\/\/gruponbi.com\/en\/employment-opportunities\/","og_locale":"en_US","og_type":"article","og_title":"Employment opportunities - Grupo NBI","og_description":"Employment opportunitiesTalentAt NBI we maintain a constant search for excellence. We are aware that our human teams are our greatest asset, and for this reason, we seek committed, innovative, proactive and rigorous professionals, who make it possible for us to continue being recognized as one of the most prestigious companies in the sector. In this [&hellip;]","og_url":"https:\/\/gruponbi.com\/en\/employment-opportunities\/","og_site_name":"Grupo NBI","article_publisher":"https:\/\/www.facebook.com\/NBI-Bearings-Europe-136928606320574\/","article_modified_time":"2022-07-06T10:23:11+00:00","twitter_card":"summary_large_image","twitter_site":"@nbibearings","schema":{"@context":"https:\/\/schema.org","@graph":[{"@type":"WebPage","@id":"https:\/\/gruponbi.com\/en\/employment-opportunities\/","url":"https:\/\/gruponbi.com\/en\/employment-opportunities\/","name":"Employment opportunities - Grupo NBI","isPartOf":{"@id":"https:\/\/gruponbi.com\/en\/#website"},"datePublished":"2019-11-27T14:43:35+00:00","dateModified":"2022-07-06T10:23:11+00:00","breadcrumb":{"@id":"https:\/\/gruponbi.com\/en\/employment-opportunities\/#breadcrumb"},"inLanguage":"en-US","potentialAction":[{"@type":"ReadAction","target":["https:\/\/gruponbi.com\/en\/employment-opportunities\/"]}]},{"@type":"BreadcrumbList","@id":"https:\/\/gruponbi.com\/en\/employment-opportunities\/#breadcrumb","itemListElement":[{"@type":"ListItem","position":1,"name":"Portada","item":"https:\/\/gruponbi.com\/en\/"},{"@type":"ListItem","position":2,"name":"Employment opportunities"}]},{"@type":"WebSite","@id":"https:\/\/gruponbi.com\/en\/#website","url":"https:\/\/gruponbi.com\/en\/","name":"Grupo NBI","description":"NBI Group","publisher":{"@id":"https:\/\/gruponbi.com\/en\/#organization"},"alternateName":"NBI Bearings","potentialAction":[{"@type":"SearchAction","target":{"@type":"EntryPoint","urlTemplate":"https:\/\/gruponbi.com\/en\/?s={search_term_string}"},"query-input":{"@type":"PropertyValueSpecification","valueRequired":true,"valueName":"search_term_string"}}],"inLanguage":"en-US"},{"@type":"Organization","@id":"https:\/\/gruponbi.com\/en\/#organization","name":"NBI Group","url":"https:\/\/gruponbi.com\/en\/","logo":{"@type":"ImageObject","inLanguage":"en-US","@id":"https:\/\/gruponbi.com\/en\/#\/schema\/logo\/image\/","url":"https:\/\/gruponbi.com\/wp-content\/uploads\/grupo-nbi-logo.png","contentUrl":"https:\/\/gruponbi.com\/wp-content\/uploads\/grupo-nbi-logo.png","width":164,"height":50,"caption":"NBI Group"},"image":{"@id":"https:\/\/gruponbi.com\/en\/#\/schema\/logo\/image\/"},"sameAs":["https:\/\/www.facebook.com\/NBI-Bearings-Europe-136928606320574\/","https:\/\/x.com\/nbibearings"]}]}},"_links":{"self":[{"href":"https:\/\/gruponbi.com\/en\/wp-json\/wp\/v2\/pages\/4727","targetHints":{"allow":["GET"]}}],"collection":[{"href":"https:\/\/gruponbi.com\/en\/wp-json\/wp\/v2\/pages"}],"about":[{"href":"https:\/\/gruponbi.com\/en\/wp-json\/wp\/v2\/types\/page"}],"author":[{"embeddable":true,"href":"https:\/\/gruponbi.com\/en\/wp-json\/wp\/v2\/users\/1"}],"replies":[{"embeddable":true,"href":"https:\/\/gruponbi.com\/en\/wp-json\/wp\/v2\/comments?post=4727"}],"version-history":[{"count":0,"href":"https:\/\/gruponbi.com\/en\/wp-json\/wp\/v2\/pages\/4727\/revisions"}],"wp:attachment":[{"href":"https:\/\/gruponbi.com\/en\/wp-json\/wp\/v2\/media?parent=4727"}],"curies":[{"name":"wp","href":"https:\/\/api.w.org\/{rel}","templated":true}]}}