{"id":3755,"date":"2019-11-27T14:43:59","date_gmt":"2019-11-27T14:43:59","guid":{"rendered":"https:\/\/gruponbi.com\/politica-de-cookies\/"},"modified":"2020-12-17T20:21:11","modified_gmt":"2020-12-17T20:21:11","slug":"cookies-policy","status":"publish","type":"page","link":"https:\/\/gruponbi.com\/en\/cookies-policy\/","title":{"rendered":"Cookies policy"},"content":{"rendered":"<p>[et_pb_section fb_built=&#8221;1&#8243; _builder_version=&#8221;4.6.6&#8243; _module_preset=&#8221;default&#8221;][et_pb_row _builder_version=&#8221;4.6.6&#8243; _module_preset=&#8221;default&#8221;][et_pb_column type=&#8221;4_4&#8243; _builder_version=&#8221;4.6.6&#8243; _module_preset=&#8221;default&#8221;][et_pb_text _builder_version=&#8221;4.6.6&#8243; _module_preset=&#8221;default&#8221;]<\/p>\n<h1>Cookies policy.<\/h1>\n<p><strong>Este sitio web usa Cookies para mejorar y optimizar la experiencia del usuario. A continuaci\u00f3n encontrar\u00e1s informaci\u00f3n detallada sobre qu\u00e9 son las &#8220;Cookies&#8221;, qu\u00e9 tipolog\u00eda utiliza este sitio web, c\u00f3mo puedes desactivarlas en tu navegador y c\u00f3mo bloquear espec\u00edficamente la instalaci\u00f3n de Cookies de terceros.<\/strong><\/p>\n<p>Una cookie es un peque\u00f1o fichero de texto que se almacena en su navegador cuando visita casi cualquier p\u00e1gina web. Su utilidad es que la web sea capaz de recordar su visita cuando vuelva a navegar por esa p\u00e1gina. Las cookies suelen almacenar informaci\u00f3n de car\u00e1cter t\u00e9cnico, preferencias personales, personalizaci\u00f3n de contenidos, estad\u00edsticas de uso, enlaces a redes sociales, acceso a cuentas de usuario, etc. El objetivo de la cookie es adaptar el contenido de la web a su perfil y necesidades, sincookies los servicios ofrecidos por cualquier p\u00e1gina se ver\u00edan mermados notablemente.<\/p>\n<h3>Cookies utilizadas en este sitio web<\/h3>\n<p>Siguiendo las directrices de la Agencia Espa\u00f1ola de Protecci\u00f3n de Datos procedemos a detallar el uso dec ookies que hace esta web con el fin de informarle con la m\u00e1xima exactitud posible.<\/p>\n<p>Este sitio web utiliza las siguientes<strong> cookies propias:<\/strong><\/p>\n<ul>\n<li>Cookies de sesi\u00f3n, para garantizar que los usuarios que escriban comentarios en el blog sean humanos y no aplicaciones automatizadas. De esta forma se combate el spam.<\/li>\n<\/ul>\n<p>Este sitio web utiliza las siguientes <strong>cookies de terceros:<\/strong><\/p>\n<ul>\n<li>Google Analytics: Almacena cookies para poder elaborar estad\u00edsticas sobre el tr\u00e1fico y volumen de visitas de esta web. Al utilizar este sitio web est\u00e1 consintiendo el tratamiento de informaci\u00f3n acerca de usted por Google. Por tanto, el ejercicio de cualquier derecho en este sentido deber\u00e1 hacerlo comunicando directamente con Google.<\/li>\n<li>Redes sociales: Cada red social utiliza sus propias cookies para que usted pueda pinchar en botones del tipo Me gusta o Compartir.<\/li>\n<\/ul>\n<h3>Desactivaci\u00f3n de cookies.<\/h3>\n<p><strong>Chrome<\/strong><\/p>\n<ol>\n<li>Vaya a Configuraci\u00f3n o Preferencias mediante el men\u00fa Archivo o bien pinchando el icono de personalizaci\u00f3n que aparece arriba a la derecha.<\/li>\n<li>Ver\u00e1 diferentes secciones, pinche la opci\u00f3n Mostrar opciones avanzadas.<\/li>\n<li>Vaya a Privacidad, Configuraci\u00f3n de contenido.<\/li>\n<li>Seleccione Todas las cookies y los datos de sitios.<\/li>\n<li>Aparecer\u00e1 un listado con todas las cookies ordenadas por dominio. Para que le sea m\u00e1s f\u00e1cil encontrar las cookies de un determinado dominio introduzca parcial o totalmente la direcci\u00f3n en el campo Buscar cookies.<\/li>\n<li>Tras realizar este filtro aparecer\u00e1n en pantalla una o varias l\u00edneas con las cookies de la web solicitada. Ahora s\u00f3lo tiene que seleccionarla y pulsar la X para proceder a su eliminaci\u00f3n.<\/li>\n<\/ol>\n<p><strong>Internet Explorer<\/strong><\/p>\n<ol>\n<li>Vaya a Herramientas, Opciones de Internet<\/li>\n<li>Haga click en Privacidad.<\/li>\n<li>Mueva el deslizador hasta ajustar el nivel de privacidad que desee.<\/li>\n<\/ol>\n<p><strong>Firefox<\/strong><\/p>\n<ol>\n<li>Vaya a Opciones o Preferencias seg\u00fan su sistema operativo.<\/li>\n<li>Haga click en Privacidad.<\/li>\n<li>En Historial elija Usar una configuraci\u00f3n personalizada para el historial.<\/li>\n<li>Ahora ver\u00e1 la opci\u00f3n Aceptar cookies, puede activarla o desactivarla seg\u00fan sus preferencias.<\/li>\n<\/ol>\n<p><strong>Safari para OSX<\/strong><\/p>\n<ol>\n<li>Vaya a Preferencias, luego Privacidad.<\/li>\n<li>En este lugar ver\u00e1 la opci\u00f3n Bloquear cookies para que ajuste el tipo de bloqueo que desea realizar.<\/li>\n<\/ol>\n<p><strong>Safari para iOS<\/strong><\/p>\n<ol>\n<li>Vaya a Ajustes, luego Safari.<\/li>\n<li>Vaya a Privacidad y Seguridad, ver\u00e1 la opci\u00f3n Bloquear cookies para que ajuste el tipo de bloqueo que desea realizar.<\/li>\n<\/ol>\n<p><strong>Android<\/strong><\/p>\n<ol>\n<li>Ejecute el navegador y pulse la tecla Men\u00fa, luego Ajustes.<\/li>\n<li>Vaya a Seguridad y Privacidad, ver\u00e1 la opci\u00f3n Aceptar cookies para que active o desactive la casilla.<\/li>\n<\/ol>\n<p><strong>Windows Phone<\/strong><\/p>\n<ol>\n<li>Abra Internet Explorer, luego M\u00e1s, luego Configuraci\u00f3n<\/li>\n<li>Ahora puede activar o desactivar la casilla Permitir cookies.<\/li>\n<\/ol>\n<blockquote>\n<p>Nota: estas instrucciones pueden variar en funci\u00f3n de la versi\u00f3n del navegador<\/p>\n<\/blockquote>\n<h3>Notas adicionales<\/h3>\n<ul>\n<li>Ni esta web ni sus representantes legales se hacen responsables ni del contenido ni de la veracidad de las pol\u00edticas de privacidad que puedan tener los terceros mencionados en esta pol\u00edtica de cookies.<\/li>\n<li>Los navegadores web son las herramientas encargadas de almacenar las cookies y desde este lugar debe efectuar su derecho a eliminaci\u00f3n o desactivaci\u00f3n de las mismas. Ni esta web ni sus representantes legales pueden garantizar la correcta o incorrecta manipulaci\u00f3n de las cookies por parte de los mencionados navegadores.<\/li>\n<li>En algunos casos es necesario instalar cookies para que el navegador no olvide su decisi\u00f3n de no aceptaci\u00f3n de las mismas.<\/li>\n<li>En el caso de las cookies de Google Analytics, esta empresa almacena las cookies en servidores ubicados en Estados Unidos y se compromete a no compartirla con terceros, excepto en los casos en los que sea necesario para el funcionamiento del sistema o cuando la ley obligue a tal efecto. Seg\u00fan Google no guarda su direcci\u00f3n IP. Google Inc. es una compa\u00f1\u00eda adherida al Acuerdo de Puerto Seguro que garantiza que todos los datos transferidos ser\u00e1n tratados con un nivel de protecci\u00f3n acorde a la normativa europea. Si desea informaci\u00f3n sobre el uso que Google da a las cookies le adjuntamos este otro enlace.<\/li>\n<li>Para cualquier duda o consulta acerca de esta pol\u00edtica de cookies no dude en comunicarse con nosotros a trav\u00e9s de la secci\u00f3n de contacto.<\/li>\n<\/ul>\n<p>[\/et_pb_text][\/et_pb_column][\/et_pb_row][\/et_pb_section]<\/p>\n","protected":false},"excerpt":{"rendered":"<p>Cookies policy. Este sitio web usa Cookies para mejorar y optimizar la experiencia del usuario. A continuaci\u00f3n encontrar\u00e1s informaci\u00f3n detallada sobre qu\u00e9 son las &#8220;Cookies&#8221;, qu\u00e9 tipolog\u00eda utiliza este sitio web, c\u00f3mo puedes desactivarlas en tu navegador y c\u00f3mo bloquear espec\u00edficamente la instalaci\u00f3n de Cookies de terceros. Una cookie es un peque\u00f1o fichero de texto [&hellip;]<\/p>\n","protected":false},"author":2,"featured_media":0,"parent":0,"menu_order":0,"comment_status":"closed","ping_status":"closed","template":"","meta":{"_et_pb_use_builder":"on","_et_pb_old_content":"","_et_gb_content_width":"","footnotes":""},"class_list":["post-3755","page","type-page","status-publish","hentry"],"yoast_head":"<!-- This site is optimized with the Yoast SEO plugin v27.4 - https:\/\/yoast.com\/product\/yoast-seo-wordpress\/ -->\n<title>Cookies policy - Grupo NBI<\/title>\n<meta name=\"robots\" content=\"index, follow, max-snippet:-1, max-image-preview:large, max-video-preview:-1\" \/>\n<link rel=\"canonical\" href=\"https:\/\/gruponbi.com\/en\/cookies-policy\/\" \/>\n<meta property=\"og:locale\" content=\"en_US\" \/>\n<meta property=\"og:type\" content=\"article\" \/>\n<meta property=\"og:title\" content=\"Cookies policy - Grupo NBI\" \/>\n<meta property=\"og:description\" content=\"Cookies policy. Este sitio web usa Cookies para mejorar y optimizar la experiencia del usuario. A continuaci\u00f3n encontrar\u00e1s informaci\u00f3n detallada sobre qu\u00e9 son las &quot;Cookies&quot;, qu\u00e9 tipolog\u00eda utiliza este sitio web, c\u00f3mo puedes desactivarlas en tu navegador y c\u00f3mo bloquear espec\u00edficamente la instalaci\u00f3n de Cookies de terceros. Una cookie es un peque\u00f1o fichero de texto [&hellip;]\" \/>\n<meta property=\"og:url\" content=\"https:\/\/gruponbi.com\/en\/cookies-policy\/\" \/>\n<meta property=\"og:site_name\" content=\"Grupo NBI\" \/>\n<meta property=\"article:publisher\" content=\"https:\/\/www.facebook.com\/NBI-Bearings-Europe-136928606320574\/\" \/>\n<meta property=\"article:modified_time\" content=\"2020-12-17T20:21:11+00:00\" \/>\n<meta name=\"twitter:card\" content=\"summary_large_image\" \/>\n<meta name=\"twitter:site\" content=\"@nbibearings\" \/>\n<script type=\"application\/ld+json\" class=\"yoast-schema-graph\">{\"@context\":\"https:\\\/\\\/schema.org\",\"@graph\":[{\"@type\":\"WebPage\",\"@id\":\"https:\\\/\\\/gruponbi.com\\\/en\\\/cookies-policy\\\/\",\"url\":\"https:\\\/\\\/gruponbi.com\\\/en\\\/cookies-policy\\\/\",\"name\":\"Cookies policy - Grupo NBI\",\"isPartOf\":{\"@id\":\"https:\\\/\\\/gruponbi.com\\\/en\\\/#website\"},\"datePublished\":\"2019-11-27T14:43:59+00:00\",\"dateModified\":\"2020-12-17T20:21:11+00:00\",\"breadcrumb\":{\"@id\":\"https:\\\/\\\/gruponbi.com\\\/en\\\/cookies-policy\\\/#breadcrumb\"},\"inLanguage\":\"en-US\",\"potentialAction\":[{\"@type\":\"ReadAction\",\"target\":[\"https:\\\/\\\/gruponbi.com\\\/en\\\/cookies-policy\\\/\"]}]},{\"@type\":\"BreadcrumbList\",\"@id\":\"https:\\\/\\\/gruponbi.com\\\/en\\\/cookies-policy\\\/#breadcrumb\",\"itemListElement\":[{\"@type\":\"ListItem\",\"position\":1,\"name\":\"Portada\",\"item\":\"https:\\\/\\\/gruponbi.com\\\/en\\\/\"},{\"@type\":\"ListItem\",\"position\":2,\"name\":\"Cookies policy\"}]},{\"@type\":\"WebSite\",\"@id\":\"https:\\\/\\\/gruponbi.com\\\/en\\\/#website\",\"url\":\"https:\\\/\\\/gruponbi.com\\\/en\\\/\",\"name\":\"Grupo NBI\",\"description\":\"NBI Group\",\"publisher\":{\"@id\":\"https:\\\/\\\/gruponbi.com\\\/en\\\/#organization\"},\"alternateName\":\"NBI Bearings\",\"potentialAction\":[{\"@type\":\"SearchAction\",\"target\":{\"@type\":\"EntryPoint\",\"urlTemplate\":\"https:\\\/\\\/gruponbi.com\\\/en\\\/?s={search_term_string}\"},\"query-input\":{\"@type\":\"PropertyValueSpecification\",\"valueRequired\":true,\"valueName\":\"search_term_string\"}}],\"inLanguage\":\"en-US\"},{\"@type\":\"Organization\",\"@id\":\"https:\\\/\\\/gruponbi.com\\\/en\\\/#organization\",\"name\":\"NBI Group\",\"url\":\"https:\\\/\\\/gruponbi.com\\\/en\\\/\",\"logo\":{\"@type\":\"ImageObject\",\"inLanguage\":\"en-US\",\"@id\":\"https:\\\/\\\/gruponbi.com\\\/en\\\/#\\\/schema\\\/logo\\\/image\\\/\",\"url\":\"https:\\\/\\\/gruponbi.com\\\/wp-content\\\/uploads\\\/grupo-nbi-logo.png\",\"contentUrl\":\"https:\\\/\\\/gruponbi.com\\\/wp-content\\\/uploads\\\/grupo-nbi-logo.png\",\"width\":164,\"height\":50,\"caption\":\"NBI Group\"},\"image\":{\"@id\":\"https:\\\/\\\/gruponbi.com\\\/en\\\/#\\\/schema\\\/logo\\\/image\\\/\"},\"sameAs\":[\"https:\\\/\\\/www.facebook.com\\\/NBI-Bearings-Europe-136928606320574\\\/\",\"https:\\\/\\\/x.com\\\/nbibearings\"]}]}<\/script>\n<!-- \/ Yoast SEO plugin. -->","yoast_head_json":{"title":"Cookies policy - Grupo NBI","robots":{"index":"index","follow":"follow","max-snippet":"max-snippet:-1","max-image-preview":"max-image-preview:large","max-video-preview":"max-video-preview:-1"},"canonical":"https:\/\/gruponbi.com\/en\/cookies-policy\/","og_locale":"en_US","og_type":"article","og_title":"Cookies policy - Grupo NBI","og_description":"Cookies policy. Este sitio web usa Cookies para mejorar y optimizar la experiencia del usuario. A continuaci\u00f3n encontrar\u00e1s informaci\u00f3n detallada sobre qu\u00e9 son las \"Cookies\", qu\u00e9 tipolog\u00eda utiliza este sitio web, c\u00f3mo puedes desactivarlas en tu navegador y c\u00f3mo bloquear espec\u00edficamente la instalaci\u00f3n de Cookies de terceros. Una cookie es un peque\u00f1o fichero de texto [&hellip;]","og_url":"https:\/\/gruponbi.com\/en\/cookies-policy\/","og_site_name":"Grupo NBI","article_publisher":"https:\/\/www.facebook.com\/NBI-Bearings-Europe-136928606320574\/","article_modified_time":"2020-12-17T20:21:11+00:00","twitter_card":"summary_large_image","twitter_site":"@nbibearings","schema":{"@context":"https:\/\/schema.org","@graph":[{"@type":"WebPage","@id":"https:\/\/gruponbi.com\/en\/cookies-policy\/","url":"https:\/\/gruponbi.com\/en\/cookies-policy\/","name":"Cookies policy - Grupo NBI","isPartOf":{"@id":"https:\/\/gruponbi.com\/en\/#website"},"datePublished":"2019-11-27T14:43:59+00:00","dateModified":"2020-12-17T20:21:11+00:00","breadcrumb":{"@id":"https:\/\/gruponbi.com\/en\/cookies-policy\/#breadcrumb"},"inLanguage":"en-US","potentialAction":[{"@type":"ReadAction","target":["https:\/\/gruponbi.com\/en\/cookies-policy\/"]}]},{"@type":"BreadcrumbList","@id":"https:\/\/gruponbi.com\/en\/cookies-policy\/#breadcrumb","itemListElement":[{"@type":"ListItem","position":1,"name":"Portada","item":"https:\/\/gruponbi.com\/en\/"},{"@type":"ListItem","position":2,"name":"Cookies policy"}]},{"@type":"WebSite","@id":"https:\/\/gruponbi.com\/en\/#website","url":"https:\/\/gruponbi.com\/en\/","name":"Grupo NBI","description":"NBI Group","publisher":{"@id":"https:\/\/gruponbi.com\/en\/#organization"},"alternateName":"NBI Bearings","potentialAction":[{"@type":"SearchAction","target":{"@type":"EntryPoint","urlTemplate":"https:\/\/gruponbi.com\/en\/?s={search_term_string}"},"query-input":{"@type":"PropertyValueSpecification","valueRequired":true,"valueName":"search_term_string"}}],"inLanguage":"en-US"},{"@type":"Organization","@id":"https:\/\/gruponbi.com\/en\/#organization","name":"NBI Group","url":"https:\/\/gruponbi.com\/en\/","logo":{"@type":"ImageObject","inLanguage":"en-US","@id":"https:\/\/gruponbi.com\/en\/#\/schema\/logo\/image\/","url":"https:\/\/gruponbi.com\/wp-content\/uploads\/grupo-nbi-logo.png","contentUrl":"https:\/\/gruponbi.com\/wp-content\/uploads\/grupo-nbi-logo.png","width":164,"height":50,"caption":"NBI Group"},"image":{"@id":"https:\/\/gruponbi.com\/en\/#\/schema\/logo\/image\/"},"sameAs":["https:\/\/www.facebook.com\/NBI-Bearings-Europe-136928606320574\/","https:\/\/x.com\/nbibearings"]}]}},"_links":{"self":[{"href":"https:\/\/gruponbi.com\/en\/wp-json\/wp\/v2\/pages\/3755","targetHints":{"allow":["GET"]}}],"collection":[{"href":"https:\/\/gruponbi.com\/en\/wp-json\/wp\/v2\/pages"}],"about":[{"href":"https:\/\/gruponbi.com\/en\/wp-json\/wp\/v2\/types\/page"}],"author":[{"embeddable":true,"href":"https:\/\/gruponbi.com\/en\/wp-json\/wp\/v2\/users\/2"}],"replies":[{"embeddable":true,"href":"https:\/\/gruponbi.com\/en\/wp-json\/wp\/v2\/comments?post=3755"}],"version-history":[{"count":0,"href":"https:\/\/gruponbi.com\/en\/wp-json\/wp\/v2\/pages\/3755\/revisions"}],"wp:attachment":[{"href":"https:\/\/gruponbi.com\/en\/wp-json\/wp\/v2\/media?parent=3755"}],"curies":[{"name":"wp","href":"https:\/\/api.w.org\/{rel}","templated":true}]}}