{"id":3554,"date":"2019-11-27T14:42:54","date_gmt":"2019-11-27T14:42:54","guid":{"rendered":"https:\/\/gruponbi.com\/inversores\/"},"modified":"2025-10-30T12:13:23","modified_gmt":"2025-10-30T12:13:23","slug":"investors","status":"publish","type":"page","link":"https:\/\/gruponbi.com\/en\/investors\/","title":{"rendered":"Investors"},"content":{"rendered":"<p>[et_pb_section fb_built=&#8221;1&#8243; _builder_version=&#8221;4.16&#8243; use_background_color_gradient=&#8221;on&#8221; background_color_gradient_stops=&#8221;rgba(0,0,0,0) 0%|rgba(0,0,0,0.5) 100%&#8221; background_color_gradient_start=&#8221;rgba(0,0,0,0)&#8221; background_color_gradient_end=&#8221;rgba(0,0,0,0.5)&#8221; background_image=&#8221;https:\/\/gruponbi.com\/wp-content\/uploads\/inversores-nbi.jpg&#8221; parallax=&#8221;on&#8221; custom_padding=&#8221;5vw||5vw||true|false&#8221; global_colors_info=&#8221;{}&#8221; background__hover_enabled=&#8221;on|desktop&#8221; parallax__hover=&#8221;on&#8221;][et_pb_row column_structure=&#8221;1_2,1_2&#8243; _builder_version=&#8221;4.16&#8243; global_colors_info=&#8221;{}&#8221;][et_pb_column type=&#8221;1_2&#8243; _builder_version=&#8221;4.16&#8243; global_colors_info=&#8221;{}&#8221;][et_pb_text _builder_version=&#8221;4.16&#8243; header_font=&#8221;|700|||||||&#8221; header_text_color=&#8221;#ffffff&#8221; header_font_size=&#8221;60px&#8221; header_font_size_tablet=&#8221;&#8221; header_font_size_phone=&#8221;40px&#8221; header_font_size_last_edited=&#8221;on|phone&#8221; header_text_shadow_style=&#8221;preset1&#8243; global_colors_info=&#8221;{}&#8221; header_text_color__hover_enabled=&#8221;on|hover&#8221; header_text_color__hover=&#8221;#ffffff&#8221;]<\/p>\n<h1>Inversores<\/h1>\n<p>[\/et_pb_text][\/et_pb_column][et_pb_column type=&#8221;1_2&#8243; _builder_version=&#8221;4.16&#8243; global_colors_info=&#8221;{}&#8221;][\/et_pb_column][\/et_pb_row][\/et_pb_section][et_pb_section fb_built=&#8221;1&#8243; _builder_version=&#8221;4.16&#8243; global_colors_info=&#8221;{}&#8221;][et_pb_row _builder_version=&#8221;4.27.4&#8243; _module_preset=&#8221;default&#8221; global_colors_info=&#8221;{}&#8221; locked=&#8221;off&#8221;][et_pb_column type=&#8221;4_4&#8243; _builder_version=&#8221;4.27.4&#8243; _module_preset=&#8221;default&#8221; global_colors_info=&#8221;{}&#8221;][et_pb_code _builder_version=&#8221;4.27.4&#8243; _module_preset=&#8221;default&#8221; global_colors_info=&#8221;{}&#8221;]<\/p>\n<div style=\"height:200px;\"><!-- [et_pb_line_break_holder] -->  <script type=\"text\/javascript\" src=\"https:\/\/s3.tradingview.com\/external-embedding\/embed-widget-symbol-overview.js\" async><!-- [et_pb_line_break_holder] -->  {<!-- [et_pb_line_break_holder] -->    \"symbols\": [[\"BME:NBI|1D\"]],<!-- [et_pb_line_break_holder] -->    \"chartOnly\": false,<!-- [et_pb_line_break_holder] -->    \"width\": \"100%\",<!-- [et_pb_line_break_holder] -->    \"height\": \"100%\",<!-- [et_pb_line_break_holder] -->    \"locale\": \"es\",<!-- [et_pb_line_break_holder] -->    \"colorTheme\": \"light\",<!-- [et_pb_line_break_holder] -->    \"autosize\": true,<!-- [et_pb_line_break_holder] -->    \"showVolume\": true<!-- [et_pb_line_break_holder] -->  }<!-- [et_pb_line_break_holder] -->  <\/script><!-- [et_pb_line_break_holder] --><\/div>\n<p><!-- [et_pb_line_break_holder] -->[\/et_pb_code][et_pb_code _builder_version=&#8221;4.27.4&#8243; _module_preset=&#8221;default&#8221; hover_enabled=&#8221;0&#8243; global_colors_info=&#8221;{}&#8221; sticky_enabled=&#8221;0&#8243;]<\/p>\n<div style=\"height:520px;\"><!-- [et_pb_line_break_holder] -->  <script type=\"text\/javascript\" src=\"https:\/\/s3.tradingview.com\/external-embedding\/embed-widget-advanced-chart.js\" async><!-- [et_pb_line_break_holder] -->  {<!-- [et_pb_line_break_holder] -->    \"symbol\": \"BME:NBI\",<!-- [et_pb_line_break_holder] -->    \"autosize\": true,<!-- [et_pb_line_break_holder] -->    \"timezone\": \"Europe\/London\",<!-- [et_pb_line_break_holder] -->    \"theme\": \"light\",<!-- [et_pb_line_break_holder] -->    \"style\": \"1\",<!-- [et_pb_line_break_holder] -->    \"locale\": \"en\",<!-- [et_pb_line_break_holder] -->    \"range\": \"12M\",<!-- [et_pb_line_break_holder] -->    \"withdateranges\": true,<!-- [et_pb_line_break_holder] -->    \"hide_top_toolbar\": false,<!-- [et_pb_line_break_holder] -->    \"allow_symbol_change\": false<!-- [et_pb_line_break_holder] -->  }<!-- [et_pb_line_break_holder] -->  <\/script><!-- [et_pb_line_break_holder] --><\/div>\n<p><!-- [et_pb_line_break_holder] -->[\/et_pb_code][\/et_pb_column][\/et_pb_row][et_pb_row column_structure=&#8221;1_2,1_2&#8243; make_equal=&#8221;on&#8221; _builder_version=&#8221;4.16&#8243; global_colors_info=&#8221;{}&#8221;][et_pb_column type=&#8221;1_2&#8243; _builder_version=&#8221;4.16&#8243; box_shadow_style=&#8221;preset2&#8243; global_colors_info=&#8221;{}&#8221;][et_pb_text _builder_version=&#8221;4.16&#8243; header_font=&#8221;|600|||||||&#8221; header_2_font=&#8221;|600|||||||&#8221; header_2_text_color=&#8221;#e66b42&#8243; header_2_font_size=&#8221;32px&#8221; custom_margin=&#8221;1vw|2vw|1vw|2vw|true|true&#8221; global_colors_info=&#8221;{}&#8221;]<\/p>\n<h2>Grupo NBI en bolsa<\/h2>\n<p>[\/et_pb_text][et_pb_cta title=&#8221;BME Growth&#8221; button_url=&#8221;https:\/\/www.bmegrowth.es\/esp\/Ficha\/NBI_BEARINGS_EUROPE_ES0105062022.aspx&#8221; url_new_window=&#8221;on&#8221; button_text=&#8221;acceso a datos&#8221; _builder_version=&#8221;4.16&#8243; _module_preset=&#8221;default&#8221; header_font=&#8221;|600|||||||&#8221; header_text_color=&#8221;#000000&#8243; background_color=&#8221;rgba(255,255,255,0.35)&#8221; background_image=&#8221;https:\/\/gruponbi.com\/wp-content\/uploads\/bolsa-NBI.jpg&#8221; background_blend=&#8221;overlay&#8221; custom_button=&#8221;on&#8221; button_bg_color=&#8221;rgba(255,255,255,0.81)&#8221; button_icon_color=&#8221;#ffffff&#8221; background_layout=&#8221;light&#8221; custom_margin=&#8221;|20px|20px|20px|false|false&#8221; custom_padding=&#8221;||||false|false&#8221; link_option_url_new_window=&#8221;on&#8221; border_width_all=&#8221;1px&#8221; border_color_all=&#8221;#e66b42&#8243; global_colors_info=&#8221;{}&#8221;][\/et_pb_cta][\/et_pb_column][et_pb_column type=&#8221;1_2&#8243; _builder_version=&#8221;4.16&#8243; box_shadow_style=&#8221;preset2&#8243; global_colors_info=&#8221;{}&#8221;][et_pb_text _builder_version=&#8221;4.16&#8243; header_font=&#8221;|600|||||||&#8221; header_2_font=&#8221;|600|||||||&#8221; header_2_text_color=&#8221;#e66b42&#8243; header_2_font_size=&#8221;32px&#8221; custom_margin=&#8221;1vw|2vw|1vw|2vw|true|true&#8221; global_colors_info=&#8221;{}&#8221;]<\/p>\n<h2>Informaci\u00f3n financiera<\/h2>\n<p>[\/et_pb_text][et_pb_blurb title=&#8221;Calendario de publicaciones&#8221; use_icon=&#8221;on&#8221; font_icon=&#8221;&#xe025;||divi||400&#8243; icon_placement=&#8221;left&#8221; image_icon_width=&#8221;25px&#8221; _builder_version=&#8221;4.16&#8243; header_font=&#8221;|600|||||||&#8221; header_text_color=&#8221;#6b6b6b&#8221; header_font_size=&#8221;20px&#8221; custom_margin=&#8221;1vw|1vw|1vw|1vw|true|true&#8221; custom_padding=&#8221;|2vw||2vw|false|true&#8221; link_option_url=&#8221;https:\/\/gruponbi.com\/en\/investors\/publications-calendar\/&#8221; icon_font_size=&#8221;25px&#8221; global_colors_info=&#8221;{}&#8221; header_text_color__hover_enabled=&#8221;on|hover&#8221; header_text_color__hover=&#8221;#e66b42&#8243;][\/et_pb_blurb][et_pb_blurb title=&#8221;Informe de resultados&#8221; use_icon=&#8221;on&#8221; font_icon=&#8221;&#x62;||divi||400&#8243; icon_placement=&#8221;left&#8221; image_icon_width=&#8221;25px&#8221; _builder_version=&#8221;4.16&#8243; header_font=&#8221;|600|||||||&#8221; header_text_color=&#8221;#6b6b6b&#8221; header_font_size=&#8221;20px&#8221; custom_margin=&#8221;1vw|1vw|1vw|1vw|true|true&#8221; custom_padding=&#8221;|2vw||2vw|false|true&#8221; link_option_url=&#8221;https:\/\/gruponbi.com\/en\/investors\/results-report\/&#8221; icon_font_size=&#8221;25px&#8221; global_colors_info=&#8221;{}&#8221; header_text_color__hover_enabled=&#8221;on|hover&#8221; header_text_color__hover=&#8221;#e66b42&#8243;][\/et_pb_blurb][et_pb_blurb title=&#8221;Cuentas anuales e informes de auditoria&#8221; use_icon=&#8221;on&#8221; font_icon=&#8221;&#xe0ec;||divi||400&#8243; icon_placement=&#8221;left&#8221; image_icon_width=&#8221;25px&#8221; _builder_version=&#8221;4.16&#8243; header_font=&#8221;|600|||||||&#8221; header_text_color=&#8221;#6b6b6b&#8221; header_font_size=&#8221;20px&#8221; custom_margin=&#8221;1vw|1vw|1vw|1vw|true|true&#8221; custom_padding=&#8221;|2vw||2vw|false|true&#8221; link_option_url=&#8221;https:\/\/gruponbi.com\/en\/investors\/annual-accounts-and-audit-reports\/&#8221; icon_font_size=&#8221;25px&#8221; global_colors_info=&#8221;{}&#8221; header_text_color__hover_enabled=&#8221;on|hover&#8221; header_text_color__hover=&#8221;#e66b42&#8243;][\/et_pb_blurb][\/et_pb_column][\/et_pb_row][et_pb_row _builder_version=&#8221;4.16&#8243; global_colors_info=&#8221;{}&#8221;][et_pb_column type=&#8221;4_4&#8243; _builder_version=&#8221;4.16&#8243; global_colors_info=&#8221;{}&#8221;][et_pb_cta title=&#8221;Informaci\u00f3n Privilegiada y Otra Informaci\u00f3n Relevante&#8221; button_url=&#8221;https:\/\/gruponbi.com\/en\/investors\/relevant-information-fact-notices\/&#8221; button_text=&#8221;+ info&#8221; _builder_version=&#8221;4.16&#8243; header_font=&#8221;|600|||||||&#8221; box_shadow_style=&#8221;preset2&#8243; global_colors_info=&#8221;{}&#8221;]Para estar al d\u00eda sobre el Grupo NBI[\/et_pb_cta][\/et_pb_column][\/et_pb_row][et_pb_row column_structure=&#8221;1_3,1_3,1_3&#8243; make_equal=&#8221;on&#8221; _builder_version=&#8221;4.16&#8243; global_colors_info=&#8221;{}&#8221;][et_pb_column type=&#8221;1_3&#8243; _builder_version=&#8221;4.16&#8243; use_background_color_gradient=&#8221;on&#8221; background_color_gradient_stops=&#8221;rgba(0,0,0,0.4) 0%|rgba(0,0,0,0.4) 100%&#8221; background_color_gradient_overlays_image=&#8221;on&#8221; background_color_gradient_start=&#8221;rgba(0,0,0,0.4)&#8221; background_color_gradient_end=&#8221;rgba(0,0,0,0.4)&#8221; background_image=&#8221;https:\/\/gruponbi.com\/wp-content\/uploads\/presentaciones-corporativas-nbi.jpg&#8221; box_shadow_style=&#8221;preset2&#8243; global_colors_info=&#8221;{}&#8221; background__hover_enabled=&#8221;off|hover&#8221; background_enable_color__hover=&#8221;off&#8221;][et_pb_text _builder_version=&#8221;4.16&#8243; _module_preset=&#8221;default&#8221; text_font=&#8221;|600|||||||&#8221; text_font_size=&#8221;25px&#8221; background_layout=&#8221;dark&#8221; custom_margin=&#8221;2vw|2vw|2vw|2vw|true|true&#8221; link_option_url=&#8221;https:\/\/gruponbi.com\/en\/investors\/corporate-presentations\/&#8221; global_colors_info=&#8221;{}&#8221; text_text_color__hover_enabled=&#8221;on|hover&#8221; text_text_color__hover=&#8221;#e66b42&#8243;]Presentaciones corporativas[\/et_pb_text][\/et_pb_column][et_pb_column type=&#8221;1_3&#8243; _builder_version=&#8221;4.16&#8243; use_background_color_gradient=&#8221;on&#8221; background_color_gradient_stops=&#8221;rgba(0,0,0,0.4) 0%|rgba(0,0,0,0.4) 100%&#8221; background_color_gradient_overlays_image=&#8221;on&#8221; background_color_gradient_start=&#8221;rgba(0,0,0,0.4)&#8221; background_color_gradient_end=&#8221;rgba(0,0,0,0.4)&#8221; background_image=&#8221;https:\/\/gruponbi.com\/wp-content\/uploads\/junta-accionistas-nbi.jpg&#8221; box_shadow_style=&#8221;preset2&#8243; global_colors_info=&#8221;{}&#8221;][et_pb_text _builder_version=&#8221;4.16&#8243; _module_preset=&#8221;default&#8221; text_font=&#8221;|600|||||||&#8221; text_font_size=&#8221;25px&#8221; background_layout=&#8221;dark&#8221; custom_margin=&#8221;2vw|2vw|1vw|2vw|false|true&#8221; link_option_url=&#8221;https:\/\/gruponbi.com\/en\/investors\/shareholders-meeting\/&#8221; global_colors_info=&#8221;{}&#8221; text_text_color__hover_enabled=&#8221;on|hover&#8221; text_text_color__hover=&#8221;#e66b42&#8243;]Junta de accionistas[\/et_pb_text][et_pb_text _builder_version=&#8221;4.16&#8243; _module_preset=&#8221;default&#8221; background_layout=&#8221;dark&#8221; custom_margin=&#8221;|3vw||3vw|true|true&#8221; link_option_url=&#8221;https:\/\/gruponbi.com\/en\/investors\/shareholders-meeting\/&#8221; global_colors_info=&#8221;{}&#8221;]<\/p>\n<ul>\n<li>Pr\u00f3xima convocatoria<\/li>\n<li>A\u00f1o en curso<\/li>\n<li>Anteriores<\/li>\n<\/ul>\n<p>[\/et_pb_text][\/et_pb_column][et_pb_column type=&#8221;1_3&#8243; _builder_version=&#8221;4.16&#8243; use_background_color_gradient=&#8221;on&#8221; background_color_gradient_stops=&#8221;rgba(0,0,0,0.4) 0%|rgba(0,0,0,0.4) 100%&#8221; background_color_gradient_overlays_image=&#8221;on&#8221; background_color_gradient_start=&#8221;rgba(0,0,0,0.4)&#8221; background_color_gradient_end=&#8221;rgba(0,0,0,0.4)&#8221; background_image=&#8221;https:\/\/gruponbi.com\/wp-content\/uploads\/consejo-administracion-nbi.jpg&#8221; box_shadow_style=&#8221;preset2&#8243; global_colors_info=&#8221;{}&#8221;][et_pb_text _builder_version=&#8221;4.16&#8243; _module_preset=&#8221;default&#8221; text_font=&#8221;|600|||||||&#8221; text_font_size=&#8221;25px&#8221; background_layout=&#8221;dark&#8221; custom_margin=&#8221;2vw|2vw|2vw|2vw|true|true&#8221; link_option_url=&#8221;https:\/\/gruponbi.com\/en\/investors\/border-of-administration-regulations-and-statutes\/&#8221; global_colors_info=&#8221;{}&#8221; text_text_color__hover_enabled=&#8221;on|hover&#8221; text_text_color__hover=&#8221;#e66b42&#8243;]Consejo de administraci\u00f3n, reglamentos y estatutos[\/et_pb_text][\/et_pb_column][\/et_pb_row][et_pb_row _builder_version=&#8221;4.16&#8243; _module_preset=&#8221;default&#8221; global_colors_info=&#8221;{}&#8221;][et_pb_column type=&#8221;4_4&#8243; _builder_version=&#8221;4.16&#8243; _module_preset=&#8221;default&#8221; global_colors_info=&#8221;{}&#8221;][et_pb_blurb title=&#8221;Contacto&#8221; use_icon=&#8221;on&#8221; font_icon=&#8221;&#xe010;||divi||400&#8243; image_icon_width=&#8221;70px&#8221; _builder_version=&#8221;4.16&#8243; _module_preset=&#8221;default&#8221; header_text_align=&#8221;center&#8221; body_text_align=&#8221;center&#8221; icon_font_size=&#8221;70px&#8221; global_colors_info=&#8221;{}&#8221;]<\/p>\n<p class=\"p1\"><span class=\"s1\"><a href=\"mailto:infoinversores@gruponbi.com\">infoinversores@gruponbi.com<\/a><\/span><\/p>\n<p>[\/et_pb_blurb][\/et_pb_column][\/et_pb_row][\/et_pb_section]<\/p>\n","protected":false},"excerpt":{"rendered":"<p>InversoresGrupo NBI en bolsaInformaci\u00f3n financieraPara estar al d\u00eda sobre el Grupo NBIPresentaciones corporativasJunta de accionistas Pr\u00f3xima convocatoria A\u00f1o en curso Anteriores Consejo de administraci\u00f3n, reglamentos y estatutosinfoinversores@gruponbi.com<\/p>\n","protected":false},"author":2,"featured_media":0,"parent":0,"menu_order":0,"comment_status":"closed","ping_status":"closed","template":"","meta":{"_et_pb_use_builder":"on","_et_pb_old_content":"","_et_gb_content_width":"","footnotes":""},"class_list":["post-3554","page","type-page","status-publish","hentry"],"yoast_head":"<!-- This site is optimized with the Yoast SEO plugin v27.3 - https:\/\/yoast.com\/product\/yoast-seo-wordpress\/ -->\n<title>Investors and Financial Information - Grupo NBI<\/title>\n<meta name=\"description\" content=\"Information for investors of the NBI Group. Financial information. Publications calendar. Results report. Annual accounts and audit reports.\" \/>\n<meta name=\"robots\" content=\"index, follow, max-snippet:-1, max-image-preview:large, max-video-preview:-1\" \/>\n<link rel=\"canonical\" href=\"https:\/\/gruponbi.com\/en\/investors\/\" \/>\n<meta property=\"og:locale\" content=\"en_US\" \/>\n<meta property=\"og:type\" content=\"article\" \/>\n<meta property=\"og:title\" content=\"Investors and Financial Information - Grupo NBI\" \/>\n<meta property=\"og:description\" content=\"Information for investors of the NBI Group. Financial information. Publications calendar. Results report. Annual accounts and audit reports.\" \/>\n<meta property=\"og:url\" content=\"https:\/\/gruponbi.com\/en\/investors\/\" \/>\n<meta property=\"og:site_name\" content=\"Grupo NBI\" \/>\n<meta property=\"article:publisher\" content=\"https:\/\/www.facebook.com\/NBI-Bearings-Europe-136928606320574\/\" \/>\n<meta property=\"article:modified_time\" content=\"2025-10-30T12:13:23+00:00\" \/>\n<meta name=\"twitter:card\" content=\"summary_large_image\" \/>\n<meta name=\"twitter:site\" content=\"@nbibearings\" \/>\n<script type=\"application\/ld+json\" class=\"yoast-schema-graph\">{\"@context\":\"https:\\\/\\\/schema.org\",\"@graph\":[{\"@type\":\"WebPage\",\"@id\":\"https:\\\/\\\/gruponbi.com\\\/en\\\/investors\\\/\",\"url\":\"https:\\\/\\\/gruponbi.com\\\/en\\\/investors\\\/\",\"name\":\"Investors and Financial Information - Grupo NBI\",\"isPartOf\":{\"@id\":\"https:\\\/\\\/gruponbi.com\\\/en\\\/#website\"},\"datePublished\":\"2019-11-27T14:42:54+00:00\",\"dateModified\":\"2025-10-30T12:13:23+00:00\",\"description\":\"Information for investors of the NBI Group. Financial information. Publications calendar. Results report. Annual accounts and audit reports.\",\"breadcrumb\":{\"@id\":\"https:\\\/\\\/gruponbi.com\\\/en\\\/investors\\\/#breadcrumb\"},\"inLanguage\":\"en-US\",\"potentialAction\":[{\"@type\":\"ReadAction\",\"target\":[\"https:\\\/\\\/gruponbi.com\\\/en\\\/investors\\\/\"]}]},{\"@type\":\"BreadcrumbList\",\"@id\":\"https:\\\/\\\/gruponbi.com\\\/en\\\/investors\\\/#breadcrumb\",\"itemListElement\":[{\"@type\":\"ListItem\",\"position\":1,\"name\":\"Portada\",\"item\":\"https:\\\/\\\/gruponbi.com\\\/en\\\/\"},{\"@type\":\"ListItem\",\"position\":2,\"name\":\"Investors\"}]},{\"@type\":\"WebSite\",\"@id\":\"https:\\\/\\\/gruponbi.com\\\/en\\\/#website\",\"url\":\"https:\\\/\\\/gruponbi.com\\\/en\\\/\",\"name\":\"Grupo NBI\",\"description\":\"NBI Group\",\"publisher\":{\"@id\":\"https:\\\/\\\/gruponbi.com\\\/en\\\/#organization\"},\"potentialAction\":[{\"@type\":\"SearchAction\",\"target\":{\"@type\":\"EntryPoint\",\"urlTemplate\":\"https:\\\/\\\/gruponbi.com\\\/en\\\/?s={search_term_string}\"},\"query-input\":{\"@type\":\"PropertyValueSpecification\",\"valueRequired\":true,\"valueName\":\"search_term_string\"}}],\"inLanguage\":\"en-US\"},{\"@type\":\"Organization\",\"@id\":\"https:\\\/\\\/gruponbi.com\\\/en\\\/#organization\",\"name\":\"NBI Group\",\"url\":\"https:\\\/\\\/gruponbi.com\\\/en\\\/\",\"logo\":{\"@type\":\"ImageObject\",\"inLanguage\":\"en-US\",\"@id\":\"https:\\\/\\\/gruponbi.com\\\/en\\\/#\\\/schema\\\/logo\\\/image\\\/\",\"url\":\"https:\\\/\\\/gruponbi.com\\\/wp-content\\\/uploads\\\/grupo-nbi-logo.png\",\"contentUrl\":\"https:\\\/\\\/gruponbi.com\\\/wp-content\\\/uploads\\\/grupo-nbi-logo.png\",\"width\":164,\"height\":50,\"caption\":\"NBI Group\"},\"image\":{\"@id\":\"https:\\\/\\\/gruponbi.com\\\/en\\\/#\\\/schema\\\/logo\\\/image\\\/\"},\"sameAs\":[\"https:\\\/\\\/www.facebook.com\\\/NBI-Bearings-Europe-136928606320574\\\/\",\"https:\\\/\\\/x.com\\\/nbibearings\"]}]}<\/script>\n<!-- \/ Yoast SEO plugin. -->","yoast_head_json":{"title":"Investors and Financial Information - Grupo NBI","description":"Information for investors of the NBI Group. Financial information. Publications calendar. Results report. Annual accounts and audit reports.","robots":{"index":"index","follow":"follow","max-snippet":"max-snippet:-1","max-image-preview":"max-image-preview:large","max-video-preview":"max-video-preview:-1"},"canonical":"https:\/\/gruponbi.com\/en\/investors\/","og_locale":"en_US","og_type":"article","og_title":"Investors and Financial Information - Grupo NBI","og_description":"Information for investors of the NBI Group. Financial information. Publications calendar. Results report. Annual accounts and audit reports.","og_url":"https:\/\/gruponbi.com\/en\/investors\/","og_site_name":"Grupo NBI","article_publisher":"https:\/\/www.facebook.com\/NBI-Bearings-Europe-136928606320574\/","article_modified_time":"2025-10-30T12:13:23+00:00","twitter_card":"summary_large_image","twitter_site":"@nbibearings","schema":{"@context":"https:\/\/schema.org","@graph":[{"@type":"WebPage","@id":"https:\/\/gruponbi.com\/en\/investors\/","url":"https:\/\/gruponbi.com\/en\/investors\/","name":"Investors and Financial Information - Grupo NBI","isPartOf":{"@id":"https:\/\/gruponbi.com\/en\/#website"},"datePublished":"2019-11-27T14:42:54+00:00","dateModified":"2025-10-30T12:13:23+00:00","description":"Information for investors of the NBI Group. Financial information. Publications calendar. Results report. Annual accounts and audit reports.","breadcrumb":{"@id":"https:\/\/gruponbi.com\/en\/investors\/#breadcrumb"},"inLanguage":"en-US","potentialAction":[{"@type":"ReadAction","target":["https:\/\/gruponbi.com\/en\/investors\/"]}]},{"@type":"BreadcrumbList","@id":"https:\/\/gruponbi.com\/en\/investors\/#breadcrumb","itemListElement":[{"@type":"ListItem","position":1,"name":"Portada","item":"https:\/\/gruponbi.com\/en\/"},{"@type":"ListItem","position":2,"name":"Investors"}]},{"@type":"WebSite","@id":"https:\/\/gruponbi.com\/en\/#website","url":"https:\/\/gruponbi.com\/en\/","name":"Grupo NBI","description":"NBI Group","publisher":{"@id":"https:\/\/gruponbi.com\/en\/#organization"},"potentialAction":[{"@type":"SearchAction","target":{"@type":"EntryPoint","urlTemplate":"https:\/\/gruponbi.com\/en\/?s={search_term_string}"},"query-input":{"@type":"PropertyValueSpecification","valueRequired":true,"valueName":"search_term_string"}}],"inLanguage":"en-US"},{"@type":"Organization","@id":"https:\/\/gruponbi.com\/en\/#organization","name":"NBI Group","url":"https:\/\/gruponbi.com\/en\/","logo":{"@type":"ImageObject","inLanguage":"en-US","@id":"https:\/\/gruponbi.com\/en\/#\/schema\/logo\/image\/","url":"https:\/\/gruponbi.com\/wp-content\/uploads\/grupo-nbi-logo.png","contentUrl":"https:\/\/gruponbi.com\/wp-content\/uploads\/grupo-nbi-logo.png","width":164,"height":50,"caption":"NBI Group"},"image":{"@id":"https:\/\/gruponbi.com\/en\/#\/schema\/logo\/image\/"},"sameAs":["https:\/\/www.facebook.com\/NBI-Bearings-Europe-136928606320574\/","https:\/\/x.com\/nbibearings"]}]}},"_links":{"self":[{"href":"https:\/\/gruponbi.com\/en\/wp-json\/wp\/v2\/pages\/3554","targetHints":{"allow":["GET"]}}],"collection":[{"href":"https:\/\/gruponbi.com\/en\/wp-json\/wp\/v2\/pages"}],"about":[{"href":"https:\/\/gruponbi.com\/en\/wp-json\/wp\/v2\/types\/page"}],"author":[{"embeddable":true,"href":"https:\/\/gruponbi.com\/en\/wp-json\/wp\/v2\/users\/2"}],"replies":[{"embeddable":true,"href":"https:\/\/gruponbi.com\/en\/wp-json\/wp\/v2\/comments?post=3554"}],"version-history":[{"count":0,"href":"https:\/\/gruponbi.com\/en\/wp-json\/wp\/v2\/pages\/3554\/revisions"}],"wp:attachment":[{"href":"https:\/\/gruponbi.com\/en\/wp-json\/wp\/v2\/media?parent=3554"}],"curies":[{"name":"wp","href":"https:\/\/api.w.org\/{rel}","templated":true}]}}